{"id":1067,"date":"2013-04-02T18:20:55","date_gmt":"2013-04-02T18:20:55","guid":{"rendered":"http:\/\/www.labernoise.ch\/keller\/?page_id=1067"},"modified":"2021-08-07T15:58:01","modified_gmt":"2021-08-07T15:58:01","slug":"curage-de-drainage","status":"publish","type":"page","link":"https:\/\/www.labernoise.ch\/keller\/travaux-pour-tiers\/curage-de-drainage\/","title":{"rendered":"Curage de drainage"},"content":{"rendered":"<p>Voici la solution \u00e0 vos probl\u00e8mes lorsque vous avez des drains bouch\u00e9s ou d\u00e9fectueux !!<\/p>\n<p>Curage possible jusqu&rsquo;\u00e0 300 m. de tuyau\u00a0 diam. max. 150 mm.<\/p>\n<p><img loading=\"lazy\" decoding=\"async\" class=\"aligncenter wp-image-1748 size-large\" src=\"https:\/\/www.labernoise.ch\/keller\/wp-content\/uploads\/20180221_111128-1024x576.jpg\" alt=\"\" width=\"1024\" height=\"576\" srcset=\"https:\/\/www.labernoise.ch\/keller\/wp-content\/uploads\/20180221_111128-1024x576.jpg 1024w, https:\/\/www.labernoise.ch\/keller\/wp-content\/uploads\/20180221_111128-300x169.jpg 300w, https:\/\/www.labernoise.ch\/keller\/wp-content\/uploads\/20180221_111128-768x432.jpg 768w\" sizes=\"(max-width: 1024px) 100vw, 1024px\" \/><\/p>\n<p>Nettoyage des drains avec une pression de 40 bar, syst\u00e8me de r\u00e9p\u00e9tition si obstacle (automatique), utilisation d&rsquo;eau env. 60-80 lt\/min.<\/p>\n<p style=\"text-align: center;\">Possibilit\u00e9 de curer les drains depuis une chambrette diam. min. 30 cm.<\/p>\n<p style=\"text-align: right;\"><img loading=\"lazy\" decoding=\"async\" class=\"aligncenter wp-image-1083 size-large\" title=\"curage depuis chambrette\" src=\"http:\/\/www.labernoise.ch\/keller\/wp-content\/uploads\/20130314_150819-1024x768.jpg\" alt=\"\" width=\"1024\" height=\"768\" srcset=\"https:\/\/www.labernoise.ch\/keller\/wp-content\/uploads\/20130314_150819-1024x768.jpg 1024w, https:\/\/www.labernoise.ch\/keller\/wp-content\/uploads\/20130314_150819-300x225.jpg 300w\" sizes=\"(max-width: 1024px) 100vw, 1024px\" \/> (Chambrette reliant le drain au collecteur).<\/p>\n<p style=\"text-align: left;\">Curage d&rsquo;un drain depuis le canal.<\/p>\n<p><img loading=\"lazy\" decoding=\"async\" class=\"size-medium wp-image-1078 alignnone\" title=\"Buse au bout du tuyau\" src=\"http:\/\/www.labernoise.ch\/keller\/wp-content\/uploads\/20130305_155752-225x300.jpg\" alt=\"\" width=\"129\" height=\"177\" \/><img loading=\"lazy\" decoding=\"async\" class=\"size-medium wp-image-1077 alignnone\" title=\"Drain sale\" src=\"http:\/\/www.labernoise.ch\/keller\/wp-content\/uploads\/20130305_155707-225x300.jpg\" alt=\"\" width=\"133\" height=\"177\" srcset=\"https:\/\/www.labernoise.ch\/keller\/wp-content\/uploads\/20130305_155707-225x300.jpg 225w, https:\/\/www.labernoise.ch\/keller\/wp-content\/uploads\/20130305_155707-768x1024.jpg 768w\" sizes=\"(max-width: 133px) 100vw, 133px\" \/><\/p>\n<p><img loading=\"lazy\" decoding=\"async\" class=\"aligncenter wp-image-1747 size-large\" src=\"https:\/\/www.labernoise.ch\/keller\/wp-content\/uploads\/20180221_111109-1024x576.jpg\" alt=\"\" width=\"1024\" height=\"576\" srcset=\"https:\/\/www.labernoise.ch\/keller\/wp-content\/uploads\/20180221_111109-1024x576.jpg 1024w, https:\/\/www.labernoise.ch\/keller\/wp-content\/uploads\/20180221_111109-300x169.jpg 300w, https:\/\/www.labernoise.ch\/keller\/wp-content\/uploads\/20180221_111109-768x432.jpg 768w\" sizes=\"(max-width: 1024px) 100vw, 1024px\" \/><\/p>\n<p><img loading=\"lazy\" decoding=\"async\" class=\"alignleft wp-image-1932 size-medium\" src=\"https:\/\/www.labernoise.ch\/keller\/wp-content\/uploads\/20210119_105831-300x142.jpg\" alt=\"Curage canal\" width=\"300\" height=\"142\" srcset=\"https:\/\/www.labernoise.ch\/keller\/wp-content\/uploads\/20210119_105831-300x142.jpg 300w, https:\/\/www.labernoise.ch\/keller\/wp-content\/uploads\/20210119_105831-768x364.jpg 768w, https:\/\/www.labernoise.ch\/keller\/wp-content\/uploads\/20210119_105831-1024x485.jpg 1024w\" sizes=\"(max-width: 300px) 100vw, 300px\" \/><img loading=\"lazy\" decoding=\"async\" class=\"alignright wp-image-1933 size-large\" src=\"https:\/\/www.labernoise.ch\/keller\/wp-content\/uploads\/20210119_105758-1024x485.jpg\" alt=\"\" width=\"1024\" height=\"485\" srcset=\"https:\/\/www.labernoise.ch\/keller\/wp-content\/uploads\/20210119_105758-1024x485.jpg 1024w, https:\/\/www.labernoise.ch\/keller\/wp-content\/uploads\/20210119_105758-300x142.jpg 300w, https:\/\/www.labernoise.ch\/keller\/wp-content\/uploads\/20210119_105758-768x364.jpg 768w\" sizes=\"(max-width: 1024px) 100vw, 1024px\" \/><\/p>\n<p>&nbsp;<\/p>\n<p>&nbsp;<\/p>\n<p style=\"text-align: left;\">Nettoyage du canal ou se trouve les drainages.<\/p>\n","protected":false},"excerpt":{"rendered":"<p>Voici la solution \u00e0 vos probl\u00e8mes lorsque vous avez des drains bouch\u00e9s ou d\u00e9fectueux !! Curage possible jusqu&rsquo;\u00e0 300 m. de tuyau\u00a0 diam. max. 150 mm. Nettoyage des drains avec une pression de 40 bar, syst\u00e8me de r\u00e9p\u00e9tition si obstacle (automatique), utilisation d&rsquo;eau env. 60-80 lt\/min. Possibilit\u00e9 de curer les drains depuis une chambrette diam. [&hellip;]<\/p>\n","protected":false},"author":2,"featured_media":1748,"parent":16,"menu_order":80,"comment_status":"closed","ping_status":"closed","template":"","meta":{"_genesis_hide_title":false,"_genesis_hide_breadcrumbs":false,"_genesis_hide_singular_image":false,"_genesis_hide_footer_widgets":false,"_genesis_custom_body_class":"","_genesis_custom_post_class":"","_genesis_layout":"","footnotes":""},"_links":{"self":[{"href":"https:\/\/www.labernoise.ch\/keller\/wp-json\/wp\/v2\/pages\/1067"}],"collection":[{"href":"https:\/\/www.labernoise.ch\/keller\/wp-json\/wp\/v2\/pages"}],"about":[{"href":"https:\/\/www.labernoise.ch\/keller\/wp-json\/wp\/v2\/types\/page"}],"author":[{"embeddable":true,"href":"https:\/\/www.labernoise.ch\/keller\/wp-json\/wp\/v2\/users\/2"}],"replies":[{"embeddable":true,"href":"https:\/\/www.labernoise.ch\/keller\/wp-json\/wp\/v2\/comments?post=1067"}],"version-history":[{"count":34,"href":"https:\/\/www.labernoise.ch\/keller\/wp-json\/wp\/v2\/pages\/1067\/revisions"}],"predecessor-version":[{"id":1938,"href":"https:\/\/www.labernoise.ch\/keller\/wp-json\/wp\/v2\/pages\/1067\/revisions\/1938"}],"up":[{"embeddable":true,"href":"https:\/\/www.labernoise.ch\/keller\/wp-json\/wp\/v2\/pages\/16"}],"wp:featuredmedia":[{"embeddable":true,"href":"https:\/\/www.labernoise.ch\/keller\/wp-json\/wp\/v2\/media\/1748"}],"wp:attachment":[{"href":"https:\/\/www.labernoise.ch\/keller\/wp-json\/wp\/v2\/media?parent=1067"}],"curies":[{"name":"wp","href":"https:\/\/api.w.org\/{rel}","templated":true}]}}