{"id":11,"date":"2010-09-17T06:31:23","date_gmt":"2010-09-17T06:31:23","guid":{"rendered":"http:\/\/www.labernoise.ch\/keller\/?page_id=11"},"modified":"2023-07-09T18:58:29","modified_gmt":"2023-07-09T16:58:29","slug":"vente-de-viande-en-direct","status":"publish","type":"page","link":"https:\/\/www.labernoise.ch\/keller\/vente-de-viande-en-direct\/","title":{"rendered":"Vente de viande en direct"},"content":{"rendered":"<p>Nous effectuons &nbsp;sur commande un assortiment&nbsp; de viande de taureaux pr\u00eat \u00e0 l&#8217;emporter o\u00f9 vous trouverez de quoi vous faire plaisir pour vos repas de tout les jours et pour une occasion particuli\u00e8re.<\/p>\n<p>Notre assortiment se comporte de la mani\u00e8re suivante<\/p>\n<p style=\"text-align: center;\"><strong>1\/6 d&rsquo;un taureau =&gt; ~30 \u00e0 35 kg<\/strong><\/p>\n<p>Filet de boeuf, m\u00e9daillon rumsteak, steak, bourguignonne, charbonnade,&nbsp;chinoise, charolaise, entrec\u00f4te, entrec\u00f4te parisienne (entrem\u00e9l\u00e9e), c\u00f4te de boeuf, roastbeef, r\u00f4ti, rago\u00fbt, \u00e9minc\u00e9, jarret, bouilli, viande h\u00e2ch\u00e9e.<\/p>\n<p>&nbsp;<\/p>\n<p>&nbsp;<\/p>\n<p>&nbsp;<\/p>\n<p>&nbsp;<\/p>\n<p><img loading=\"lazy\" decoding=\"async\" class=\"alignleft size-medium wp-image-489\" title=\"C\u00f4te de boeuf\" src=\"http:\/\/www.labernoise.ch\/keller\/wp-content\/uploads\/DSC03633-225x300.jpg\" alt=\"\" width=\"225\" height=\"300\" srcset=\"https:\/\/www.labernoise.ch\/keller\/wp-content\/uploads\/DSC03633-225x300.jpg 225w, https:\/\/www.labernoise.ch\/keller\/wp-content\/uploads\/DSC03633-768x1024.jpg 768w, https:\/\/www.labernoise.ch\/keller\/wp-content\/uploads\/DSC03633.jpg 1536w\" sizes=\"(max-width: 225px) 100vw, 225px\" \/><img loading=\"lazy\" decoding=\"async\" class=\"alignleft size-thumbnail wp-image-491\" title=\"Machine sous-vide\" src=\"http:\/\/www.labernoise.ch\/keller\/wp-content\/uploads\/DSC03635-150x150.jpg\" alt=\"\" width=\"150\" height=\"150\" srcset=\"https:\/\/www.labernoise.ch\/keller\/wp-content\/uploads\/DSC03635-150x150.jpg 150w, https:\/\/www.labernoise.ch\/keller\/wp-content\/uploads\/DSC03635-70x70.jpg 70w\" sizes=\"(max-width: 150px) 100vw, 150px\" \/><img loading=\"lazy\" decoding=\"async\" class=\"alignleft size-thumbnail wp-image-492\" title=\"Balance \u00e9tiqueteuse\" src=\"http:\/\/www.labernoise.ch\/keller\/wp-content\/uploads\/DSC03636-150x150.jpg\" alt=\"\" width=\"150\" height=\"150\" srcset=\"https:\/\/www.labernoise.ch\/keller\/wp-content\/uploads\/DSC03636-150x150.jpg 150w, https:\/\/www.labernoise.ch\/keller\/wp-content\/uploads\/DSC03636-70x70.jpg 70w\" sizes=\"(max-width: 150px) 100vw, 150px\" \/><strong> <span style=\"font-size: medium;\">Pour vos ap\u00e9ro, viande s\u00e9ch\u00e9e et salami \u00e0 l&rsquo;ail&nbsp; (vente au d\u00e9tail). <\/span><\/strong><\/p>\n<p><strong>&nbsp;<\/strong><\/p>\n<p><strong> <span style=\"font-size: large;\"> Pour vos grillades nous faisons aussi des *saucisses de veau* <span style=\"font-size: small;\">(paquet de 2 ou 4 pcs)<\/span><\/span><\/strong><\/p>\n<p><strong><span style=\"font-size: large;\">&nbsp;<\/span><\/strong><\/p>\n\n\n<p><\/p>\n\n\n\n<p><\/p>\n\n\n\n<p><\/p>\n\n\n\n<p><\/p>\n\n\n\n<div class=\"wp-block-buttons is-layout-flex wp-block-buttons-is-layout-flex\">\n<div class=\"wp-block-button\"><a class=\"wp-block-button__link wp-element-button\" href=\"https:\/\/www.labernoise.ch\/keller\/engraissement-de-tauraux\/\">Engraissement de taureaux<\/a><\/div>\n<\/div>\n","protected":false},"excerpt":{"rendered":"<p>Nous effectuons &nbsp;sur commande un assortiment&nbsp; de viande de taureaux pr\u00eat \u00e0 l&#8217;emporter o\u00f9 vous trouverez de quoi vous faire plaisir pour vos repas de tout les jours et pour une occasion particuli\u00e8re. Notre assortiment se comporte de la mani\u00e8re suivante 1\/6 d&rsquo;un taureau =&gt; ~30 \u00e0 35 kg Filet de boeuf, m\u00e9daillon rumsteak, steak, [&hellip;]<\/p>\n","protected":false},"author":1,"featured_media":489,"parent":0,"menu_order":50,"comment_status":"closed","ping_status":"open","template":"","meta":{"_genesis_hide_title":false,"_genesis_hide_breadcrumbs":false,"_genesis_hide_singular_image":false,"_genesis_hide_footer_widgets":false,"_genesis_custom_body_class":"","_genesis_custom_post_class":"","_genesis_layout":"","footnotes":""},"_links":{"self":[{"href":"https:\/\/www.labernoise.ch\/keller\/wp-json\/wp\/v2\/pages\/11"}],"collection":[{"href":"https:\/\/www.labernoise.ch\/keller\/wp-json\/wp\/v2\/pages"}],"about":[{"href":"https:\/\/www.labernoise.ch\/keller\/wp-json\/wp\/v2\/types\/page"}],"author":[{"embeddable":true,"href":"https:\/\/www.labernoise.ch\/keller\/wp-json\/wp\/v2\/users\/1"}],"replies":[{"embeddable":true,"href":"https:\/\/www.labernoise.ch\/keller\/wp-json\/wp\/v2\/comments?post=11"}],"version-history":[{"count":51,"href":"https:\/\/www.labernoise.ch\/keller\/wp-json\/wp\/v2\/pages\/11\/revisions"}],"predecessor-version":[{"id":2026,"href":"https:\/\/www.labernoise.ch\/keller\/wp-json\/wp\/v2\/pages\/11\/revisions\/2026"}],"wp:featuredmedia":[{"embeddable":true,"href":"https:\/\/www.labernoise.ch\/keller\/wp-json\/wp\/v2\/media\/489"}],"wp:attachment":[{"href":"https:\/\/www.labernoise.ch\/keller\/wp-json\/wp\/v2\/media?parent=11"}],"curies":[{"name":"wp","href":"https:\/\/api.w.org\/{rel}","templated":true}]}}