{"id":1108,"date":"2013-09-29T14:41:50","date_gmt":"2013-09-29T14:41:50","guid":{"rendered":"http:\/\/www.labernoise.ch\/keller\/?page_id=1108"},"modified":"2019-01-03T12:07:40","modified_gmt":"2019-01-03T12:07:40","slug":"arrachage-de-betterave","status":"publish","type":"page","link":"https:\/\/www.labernoise.ch\/keller\/travaux-pour-tiers\/arrachage-de-betterave\/","title":{"rendered":"Arrachage de betteraves"},"content":{"rendered":"<p><img loading=\"lazy\" decoding=\"async\" class=\"aligncenter wp-image-1805 size-large\" src=\"https:\/\/www.labernoise.ch\/keller\/wp-content\/uploads\/IMG-20171026-WA0008-1024x576.jpg\" alt=\"\" width=\"1024\" height=\"576\" srcset=\"https:\/\/www.labernoise.ch\/keller\/wp-content\/uploads\/IMG-20171026-WA0008-1024x576.jpg 1024w, https:\/\/www.labernoise.ch\/keller\/wp-content\/uploads\/IMG-20171026-WA0008-300x169.jpg 300w, https:\/\/www.labernoise.ch\/keller\/wp-content\/uploads\/IMG-20171026-WA0008-768x432.jpg 768w, https:\/\/www.labernoise.ch\/keller\/wp-content\/uploads\/IMG-20171026-WA0008.jpg 1600w\" sizes=\"(max-width: 1024px) 100vw, 1024px\" \/><br \/>\n<strong>Fort et fiable, arrachage avec m\u00e9nagement du sol et grande capacit\u00e9 de tr\u00e9mie.<\/strong><\/p>\n<p>Durant beaucoup d&rsquo;ann\u00e9es, Thyregod a d\u00e9velopp\u00e9 des machines d&rsquo;arrachage de betteraves qui doivent travailler dans des conditions les plus diverses. Le d\u00e9veloppement a lieu en \u00e9troite collaboration avec les agriculteurs ce qui garantit une utilisation appropri\u00e9e aux clients.<\/p>\n<h3>\u00c9quipement de la machine:<\/h3>\n<ul>\n<li>Broyeur compact et l\u00e9ger avec dispersion du mat\u00e9riel broy\u00e9 entre les lignes<\/li>\n<li>Commande de direction et de profondeur automatique<\/li>\n<li>Post-d\u00e9colleteur<\/li>\n<li>Balai nettoyeur<\/li>\n<li>Syst\u00e8me d&rsquo;arrachage avec disque oppel\u00a0 (2 rangs)<\/li>\n<li>Tr\u00e9mie de 12 m3<\/li>\n<\/ul>\n<p><img loading=\"lazy\" decoding=\"async\" title=\"Tim\" src=\"http:\/\/www.labernoise.ch\/keller\/wp-content\/uploads\/IMG-20151114-WA0018-1024x576.jpg\" alt=\"\" width=\"458\" height=\"258\" \/><img loading=\"lazy\" decoding=\"async\" src=\"http:\/\/www.labernoise.ch\/keller\/wp-content\/uploads\/20131116_141037-300x225.jpg\" alt=\"\" width=\"300\" height=\"225\" \/><\/p>\n<p>Chargement des betteraves pour la livraison \u00e0 la gare pour \u00eatre ensuite livr\u00e9e par le rail \u00e0 la sucrerie d&rsquo;Aarberg.<\/p>\n<p><img loading=\"lazy\" decoding=\"async\" class=\"aligncenter size-large wp-image-1388\" src=\"http:\/\/www.labernoise.ch\/keller\/wp-content\/uploads\/20151123_143234-1024x576.jpg\" alt=\"\" width=\"1024\" height=\"576\" srcset=\"https:\/\/www.labernoise.ch\/keller\/wp-content\/uploads\/20151123_143234-1024x576.jpg 1024w, https:\/\/www.labernoise.ch\/keller\/wp-content\/uploads\/20151123_143234-300x168.jpg 300w\" sizes=\"(max-width: 1024px) 100vw, 1024px\" \/><\/p>\n","protected":false},"excerpt":{"rendered":"<p>Fort et fiable, arrachage avec m\u00e9nagement du sol et grande capacit\u00e9 de tr\u00e9mie. Durant beaucoup d&rsquo;ann\u00e9es, Thyregod a d\u00e9velopp\u00e9 des machines d&rsquo;arrachage de betteraves qui doivent travailler dans des conditions les plus diverses. Le d\u00e9veloppement a lieu en \u00e9troite collaboration avec les agriculteurs ce qui garantit une utilisation appropri\u00e9e aux clients. \u00c9quipement de la machine: [&hellip;]<\/p>\n","protected":false},"author":2,"featured_media":1365,"parent":16,"menu_order":90,"comment_status":"closed","ping_status":"closed","template":"","meta":{"_genesis_hide_title":false,"_genesis_hide_breadcrumbs":false,"_genesis_hide_singular_image":false,"_genesis_hide_footer_widgets":false,"_genesis_custom_body_class":"","_genesis_custom_post_class":"","_genesis_layout":"","footnotes":""},"_links":{"self":[{"href":"https:\/\/www.labernoise.ch\/keller\/wp-json\/wp\/v2\/pages\/1108"}],"collection":[{"href":"https:\/\/www.labernoise.ch\/keller\/wp-json\/wp\/v2\/pages"}],"about":[{"href":"https:\/\/www.labernoise.ch\/keller\/wp-json\/wp\/v2\/types\/page"}],"author":[{"embeddable":true,"href":"https:\/\/www.labernoise.ch\/keller\/wp-json\/wp\/v2\/users\/2"}],"replies":[{"embeddable":true,"href":"https:\/\/www.labernoise.ch\/keller\/wp-json\/wp\/v2\/comments?post=1108"}],"version-history":[{"count":80,"href":"https:\/\/www.labernoise.ch\/keller\/wp-json\/wp\/v2\/pages\/1108\/revisions"}],"predecessor-version":[{"id":1806,"href":"https:\/\/www.labernoise.ch\/keller\/wp-json\/wp\/v2\/pages\/1108\/revisions\/1806"}],"up":[{"embeddable":true,"href":"https:\/\/www.labernoise.ch\/keller\/wp-json\/wp\/v2\/pages\/16"}],"wp:featuredmedia":[{"embeddable":true,"href":"https:\/\/www.labernoise.ch\/keller\/wp-json\/wp\/v2\/media\/1365"}],"wp:attachment":[{"href":"https:\/\/www.labernoise.ch\/keller\/wp-json\/wp\/v2\/media?parent=1108"}],"curies":[{"name":"wp","href":"https:\/\/api.w.org\/{rel}","templated":true}]}}