{"id":118,"date":"2010-09-26T09:59:52","date_gmt":"2010-09-26T09:59:52","guid":{"rendered":"http:\/\/www.labernoise.ch\/keller\/?page_id=118"},"modified":"2024-12-28T16:10:42","modified_gmt":"2024-12-28T14:10:42","slug":"traitement-sous-folliere-mais","status":"publish","type":"page","link":"https:\/\/www.labernoise.ch\/keller\/travaux-pour-tiers\/traitement-sous-folliere-mais\/","title":{"rendered":"Traitement phyto"},"content":{"rendered":"<div class=\"wp-block-image\">\n<figure class=\"aligncenter\"><img loading=\"lazy\" decoding=\"async\" width=\"1024\" height=\"576\" src=\"http:\/\/www.labernoise.ch\/keller\/wp-content\/uploads\/20150622_170818-1024x576.jpg\" alt=\"\" class=\"wp-image-1279\" title=\"Hardi EVO 3000\" srcset=\"https:\/\/www.labernoise.ch\/keller\/wp-content\/uploads\/20150622_170818-1024x576.jpg 1024w, https:\/\/www.labernoise.ch\/keller\/wp-content\/uploads\/20150622_170818-300x168.jpg 300w\" sizes=\"(max-width: 1024px) 100vw, 1024px\" \/><\/figure><\/div>\n\n\n<p>Rampe aluminium 27 m., syst\u00e8me sonar, GPS<\/p>\n\n\n\n<p>Poids r\u00e9duit, d\u00e9bit de chantier \u00e9lev\u00e9, possibilit\u00e9 de jumellage<\/p>\n\n\n\n<p>Voie 220 cm, id\u00e9al pour ma\u00efs \u00e0 75 cm, colza\/betterave\/tournesol\/soja \u00e0 50 cm.<\/p>\n\n\n\n<figure class=\"wp-block-gallery has-nested-images columns-4 is-cropped wp-block-gallery-1 is-layout-flex wp-block-gallery-is-layout-flex\">\n<figure class=\"wp-block-image size-large\"><a href=\"https:\/\/www.labernoise.ch\/keller\/wp-content\/uploads\/20150622_173711.jpg\"><img loading=\"lazy\" decoding=\"async\" width=\"1024\" height=\"576\" data-id=\"1517\" src=\"https:\/\/www.labernoise.ch\/keller\/wp-content\/uploads\/20150622_173711-1024x576.jpg\" alt=\"\" class=\"wp-image-1517\" srcset=\"https:\/\/www.labernoise.ch\/keller\/wp-content\/uploads\/20150622_173711-1024x576.jpg 1024w, https:\/\/www.labernoise.ch\/keller\/wp-content\/uploads\/20150622_173711-300x168.jpg 300w\" sizes=\"(max-width: 1024px) 100vw, 1024px\" \/><\/a><\/figure>\n\n\n\n<figure class=\"wp-block-image size-large\"><a href=\"https:\/\/www.labernoise.ch\/keller\/wp-content\/uploads\/20130514_084919.jpg\"><img loading=\"lazy\" decoding=\"async\" width=\"1024\" height=\"768\" data-id=\"1509\" src=\"https:\/\/www.labernoise.ch\/keller\/wp-content\/uploads\/20130514_084919-1024x768.jpg\" alt=\"\" class=\"wp-image-1509\" srcset=\"https:\/\/www.labernoise.ch\/keller\/wp-content\/uploads\/20130514_084919-1024x768.jpg 1024w, https:\/\/www.labernoise.ch\/keller\/wp-content\/uploads\/20130514_084919-300x225.jpg 300w\" sizes=\"(max-width: 1024px) 100vw, 1024px\" \/><\/a><\/figure>\n\n\n\n<figure class=\"wp-block-image size-large\"><a href=\"https:\/\/www.labernoise.ch\/keller\/wp-content\/uploads\/20150622_170818.jpg\"><img loading=\"lazy\" decoding=\"async\" width=\"1024\" height=\"576\" data-id=\"1279\" src=\"https:\/\/www.labernoise.ch\/keller\/wp-content\/uploads\/20150622_170818-1024x576.jpg\" alt=\"\" class=\"wp-image-1279\" srcset=\"https:\/\/www.labernoise.ch\/keller\/wp-content\/uploads\/20150622_170818-1024x576.jpg 1024w, https:\/\/www.labernoise.ch\/keller\/wp-content\/uploads\/20150622_170818-300x168.jpg 300w\" sizes=\"(max-width: 1024px) 100vw, 1024px\" \/><\/a><\/figure>\n\n\n\n<figure class=\"wp-block-image size-large\"><a href=\"https:\/\/www.labernoise.ch\/keller\/wp-content\/uploads\/20150622_174546.jpg\"><img loading=\"lazy\" decoding=\"async\" width=\"1024\" height=\"576\" data-id=\"1514\" src=\"https:\/\/www.labernoise.ch\/keller\/wp-content\/uploads\/20150622_174546-1024x576.jpg\" alt=\"\" class=\"wp-image-1514\" srcset=\"https:\/\/www.labernoise.ch\/keller\/wp-content\/uploads\/20150622_174546-1024x576.jpg 1024w, https:\/\/www.labernoise.ch\/keller\/wp-content\/uploads\/20150622_174546-300x168.jpg 300w\" sizes=\"(max-width: 1024px) 100vw, 1024px\" \/><\/a><\/figure>\n\n\n\n<figure class=\"wp-block-image size-large\"><a href=\"https:\/\/www.labernoise.ch\/keller\/wp-content\/uploads\/IMG-20151031-WA00031.jpg\"><img loading=\"lazy\" decoding=\"async\" width=\"1024\" height=\"576\" data-id=\"1519\" src=\"https:\/\/www.labernoise.ch\/keller\/wp-content\/uploads\/IMG-20151031-WA00031-1024x576.jpg\" alt=\"\" class=\"wp-image-1519\" srcset=\"https:\/\/www.labernoise.ch\/keller\/wp-content\/uploads\/IMG-20151031-WA00031-1024x576.jpg 1024w, https:\/\/www.labernoise.ch\/keller\/wp-content\/uploads\/IMG-20151031-WA00031-300x168.jpg 300w, https:\/\/www.labernoise.ch\/keller\/wp-content\/uploads\/IMG-20151031-WA00031.jpg 1600w\" sizes=\"(max-width: 1024px) 100vw, 1024px\" \/><\/a><\/figure>\n<\/figure>\n","protected":false},"excerpt":{"rendered":"<p>Rampe aluminium 27 m., syst\u00e8me sonar, GPS Poids r\u00e9duit, d\u00e9bit de chantier \u00e9lev\u00e9, possibilit\u00e9 de jumellage Voie 220 cm, id\u00e9al pour ma\u00efs \u00e0 75 cm, colza\/betterave\/tournesol\/soja \u00e0 50 cm.<\/p>\n","protected":false},"author":2,"featured_media":0,"parent":16,"menu_order":20,"comment_status":"closed","ping_status":"open","template":"","meta":{"_genesis_hide_title":false,"_genesis_hide_breadcrumbs":false,"_genesis_hide_singular_image":false,"_genesis_hide_footer_widgets":false,"_genesis_custom_body_class":"","_genesis_custom_post_class":"","_genesis_layout":"","footnotes":""},"_links":{"self":[{"href":"https:\/\/www.labernoise.ch\/keller\/wp-json\/wp\/v2\/pages\/118"}],"collection":[{"href":"https:\/\/www.labernoise.ch\/keller\/wp-json\/wp\/v2\/pages"}],"about":[{"href":"https:\/\/www.labernoise.ch\/keller\/wp-json\/wp\/v2\/types\/page"}],"author":[{"embeddable":true,"href":"https:\/\/www.labernoise.ch\/keller\/wp-json\/wp\/v2\/users\/2"}],"replies":[{"embeddable":true,"href":"https:\/\/www.labernoise.ch\/keller\/wp-json\/wp\/v2\/comments?post=118"}],"version-history":[{"count":51,"href":"https:\/\/www.labernoise.ch\/keller\/wp-json\/wp\/v2\/pages\/118\/revisions"}],"predecessor-version":[{"id":2226,"href":"https:\/\/www.labernoise.ch\/keller\/wp-json\/wp\/v2\/pages\/118\/revisions\/2226"}],"up":[{"embeddable":true,"href":"https:\/\/www.labernoise.ch\/keller\/wp-json\/wp\/v2\/pages\/16"}],"wp:attachment":[{"href":"https:\/\/www.labernoise.ch\/keller\/wp-json\/wp\/v2\/media?parent=118"}],"curies":[{"name":"wp","href":"https:\/\/api.w.org\/{rel}","templated":true}]}}