{"id":123,"date":"2010-09-26T11:47:25","date_gmt":"2010-09-26T11:47:25","guid":{"rendered":"http:\/\/www.labernoise.ch\/keller\/?page_id=123"},"modified":"2024-12-28T15:30:12","modified_gmt":"2024-12-28T13:30:12","slug":"semis-de-precision","status":"publish","type":"page","link":"https:\/\/www.labernoise.ch\/keller\/travaux-pour-tiers\/semis-de-precision\/","title":{"rendered":"Semis de pr\u00e9cision"},"content":{"rendered":"\n<p>Pour effectuer vos semis de pr\u00e9cisions, nous vous proposons un travail&nbsp;pr\u00e9cis avec du mat\u00e9riel r\u00e9cent et \u00e0 la pointe de la technologie, tout en pr\u00e9servant le sol. Sur souhait, nous effectuons aussi les travaux de pr\u00e9paration du sol: <\/p>\n\n\n\n<ul>\n<li>Charrue Lemken Juwel 8, 4 socs avec rouleau packer tra\u00een\u00e9<\/li>\n\n\n\n<li>D\u00e9chaumeur \u00e0 dents Lemken Karat 9, 3m<\/li>\n\n\n\n<li>D\u00e9compacteur Lemken Dolomit 9, 3m<\/li>\n\n\n\n<li>Sousoleuse simple, Haruwy<\/li>\n\n\n\n<li>Herse Lemken Zirkon 10, 3m<\/li>\n\n\n\n<li>Herse Lemken Zirkon 8, 4 m<\/li>\n<\/ul>\n\n\n\n<div class=\"wp-block-group\"><div class=\"wp-block-group__inner-container is-layout-constrained wp-block-group-is-layout-constrained\">\n<div class=\"wp-block-columns is-layout-flex wp-container-core-columns-is-layout-3 wp-block-columns-is-layout-flex\">\n<div class=\"wp-block-column is-layout-flow wp-block-column-is-layout-flow\" style=\"flex-basis:100%\">\n<div class=\"wp-block-group\"><div class=\"wp-block-group__inner-container is-layout-constrained wp-block-group-is-layout-constrained\">\n<div class=\"wp-block-columns is-layout-flex wp-container-core-columns-is-layout-1 wp-block-columns-is-layout-flex\">\n<div class=\"wp-block-column is-layout-flow wp-block-column-is-layout-flow\" style=\"flex-basis:33.33%\"><\/div>\n<\/div>\n<\/div><\/div>\n\n\n\n<div class=\"wp-block-columns is-layout-flex wp-container-core-columns-is-layout-2 wp-block-columns-is-layout-flex\">\n<div class=\"wp-block-column is-layout-flow wp-block-column-is-layout-flow\">\n<h3 class=\"wp-block-heading\">Semoirs pneumatiques:<\/h3>\n\n\n\n<p>Nous vous proposons 2 syst\u00e8mes de semoir pneumatique:<\/p>\n\n\n\n<ul>\n<li>Combinaison de semis traditionnel, 3m<\/li>\n<\/ul>\n\n\n\n<p>Packer avant, d\u00e9compacteur, herse rotative et semoir avec jalonnage. <\/p>\n\n\n\n<ul>\n<li>Combinaison de semis moderne, 4m<\/li>\n<\/ul>\n\n\n\n<p>Cuve d&rsquo;engrais\/semence, herse rotative et train de semis. <\/p>\n\n\n\n<p>Ces 2 syst\u00e8mes sont id\u00e9al pour tout type de semis, de la prairie au c\u00e9r\u00e9ales en passant par les couverts v\u00e9g\u00e9taux. Les tracteurs sont \u00e9quip\u00e9s de pneumatique large ou roues jumel\u00e9es afin de pr\u00e9server au maximum le terrain. L&rsquo;autoguidage RTK est devenu un standard sur notre exploitation. Il permet un semis rectiligne et homog\u00e8ne tout en r\u00e9duisant le chevauchement.<\/p>\n<\/div>\n\n\n\n<div class=\"wp-block-column is-layout-flow wp-block-column-is-layout-flow\"><div class=\"wp-block-image\">\n<figure class=\"aligncenter size-large is-resized\"><img loading=\"lazy\" decoding=\"async\" width=\"768\" height=\"1024\" src=\"https:\/\/www.labernoise.ch\/keller\/wp-content\/uploads\/20241101_111658-768x1024.jpg\" alt=\"\" class=\"wp-image-2166\" style=\"width:218px;height:auto\" srcset=\"https:\/\/www.labernoise.ch\/keller\/wp-content\/uploads\/20241101_111658-768x1024.jpg 768w, https:\/\/www.labernoise.ch\/keller\/wp-content\/uploads\/20241101_111658-225x300.jpg 225w, https:\/\/www.labernoise.ch\/keller\/wp-content\/uploads\/20241101_111658-1152x1536.jpg 1152w, https:\/\/www.labernoise.ch\/keller\/wp-content\/uploads\/20241101_111658-1536x2048.jpg 1536w, https:\/\/www.labernoise.ch\/keller\/wp-content\/uploads\/20241101_111658-scaled.jpg 1920w\" sizes=\"(max-width: 768px) 100vw, 768px\" \/><\/figure><\/div>\n\n<div class=\"wp-block-image\">\n<figure class=\"alignright size-large is-resized\"><img loading=\"lazy\" decoding=\"async\" width=\"2560\" height=\"1152\" src=\"https:\/\/www.labernoise.ch\/keller\/wp-content\/uploads\/SSSY27851-edited-scaled.jpg\" alt=\"\" class=\"wp-image-2186\" style=\"width:414px;height:auto\" srcset=\"https:\/\/www.labernoise.ch\/keller\/wp-content\/uploads\/SSSY27851-edited-scaled.jpg 2560w, https:\/\/www.labernoise.ch\/keller\/wp-content\/uploads\/SSSY27851-edited-300x135.jpg 300w, https:\/\/www.labernoise.ch\/keller\/wp-content\/uploads\/SSSY27851-edited-1024x461.jpg 1024w, https:\/\/www.labernoise.ch\/keller\/wp-content\/uploads\/SSSY27851-edited-768x346.jpg 768w, https:\/\/www.labernoise.ch\/keller\/wp-content\/uploads\/SSSY27851-edited-1536x691.jpg 1536w, https:\/\/www.labernoise.ch\/keller\/wp-content\/uploads\/SSSY27851-edited-2048x921.jpg 2048w\" sizes=\"(max-width: 2560px) 100vw, 2560px\" \/><\/figure><\/div><\/div>\n<\/div>\n<\/div>\n<\/div>\n<\/div><\/div>\n\n\n\n<h3 class=\"wp-block-heading\">Semoir monograine:<\/h3>\n\n\n\n<p>Semoir monograine de pr\u00e9cision Mascar Flex-Evo 8 rangs. L&rsquo;interligne peut \u00eatre modifi\u00e9 hydrauliquement entre 45cm-75cm. Ce semoir est \u00e9quip\u00e9 avec des moteurs \u00e9lectriques sur chaque \u00e9l\u00e9ments de semis afin de pouvoir faire de la coupure de secteur ou m\u00eame du semis selon une carte de pr\u00e9conisation. Egalement \u00e9quip\u00e9 pour d\u00e9poser l&rsquo;engrais min\u00e9ral sur la ligne, pour une lev\u00e9e exceptionnelle ainsi qu&rsquo;un gain de temps. <\/p>\n\n\n\n<p>Notre combinaison (tr\u00e9mie frontale pour l&rsquo;engrais, semoir 8 rangs) offre une pr\u00e9cision incroyable et un semis homog\u00e8ne. Le tassement du sol est minime gr\u00e2ce \u00e0 un ensemble l\u00e9ger et des pneumatiques larges \u00e0 basses pression ou roue jumel\u00e9es. <\/p>\n\n\n\n<figure class=\"wp-block-image size-large\"><img loading=\"lazy\" decoding=\"async\" width=\"1024\" height=\"461\" src=\"https:\/\/www.labernoise.ch\/keller\/wp-content\/uploads\/IMG-20240511-WA0028-1024x461.jpg\" alt=\"\" class=\"wp-image-2129\" srcset=\"https:\/\/www.labernoise.ch\/keller\/wp-content\/uploads\/IMG-20240511-WA0028-1024x461.jpg 1024w, https:\/\/www.labernoise.ch\/keller\/wp-content\/uploads\/IMG-20240511-WA0028-300x135.jpg 300w, https:\/\/www.labernoise.ch\/keller\/wp-content\/uploads\/IMG-20240511-WA0028-768x346.jpg 768w, https:\/\/www.labernoise.ch\/keller\/wp-content\/uploads\/IMG-20240511-WA0028-1536x691.jpg 1536w, https:\/\/www.labernoise.ch\/keller\/wp-content\/uploads\/IMG-20240511-WA0028.jpg 2000w\" sizes=\"(max-width: 1024px) 100vw, 1024px\" \/><\/figure>\n\n\n\n<div class=\"wp-block-group\"><div class=\"wp-block-group__inner-container is-layout-constrained wp-block-group-is-layout-constrained\">\n<div class=\"wp-block-group\"><div class=\"wp-block-group__inner-container is-layout-constrained wp-block-group-is-layout-constrained\">\n<div class=\"wp-block-columns is-layout-flex wp-container-core-columns-is-layout-4 wp-block-columns-is-layout-flex\">\n<div class=\"wp-block-column is-layout-flow wp-block-column-is-layout-flow\"><\/div>\n<\/div>\n<\/div><\/div>\n<\/div><\/div>\n\n\n\n<div class=\"wp-block-group\"><div class=\"wp-block-group__inner-container is-layout-constrained wp-block-group-is-layout-constrained\">\n<div class=\"wp-block-soliloquy-soliloquywp\"><div aria-live=\"polite\" id=\"soliloquy-container-2202\" class=\"soliloquy-container soliloquy-transition-fade  soliloquy-theme-classic\" style=\"max-width:1200px;max-height:630px;\"><ul id=\"soliloquy-2202\" class=\"soliloquy-slider soliloquy-slides soliloquy-wrap soliloquy-clear\"><li aria-hidden=\"true\" class=\"soliloquy-item soliloquy-item-1 soliloquy-image-slide\" draggable=\"false\" style=\"list-style:none\"><img decoding=\"async\" id=\"soliloquy-image-2173\" class=\"soliloquy-image soliloquy-image-1\" src=\"https:\/\/www.labernoise.ch\/keller\/wp-content\/uploads\/20220319_115000-scaled-1200x630_c.jpg\" alt=\"20220319_115000\" \/><\/li><li aria-hidden=\"true\" class=\"soliloquy-item soliloquy-item-2 soliloquy-image-slide\" draggable=\"false\" style=\"list-style:none\"><img decoding=\"async\" id=\"soliloquy-image-2172\" class=\"soliloquy-image soliloquy-image-2\" src=\"https:\/\/www.labernoise.ch\/keller\/wp-content\/uploads\/20210823_162440-scaled-1200x630_c.jpg\" alt=\"20210823_162440\" \/><\/li><li aria-hidden=\"true\" class=\"soliloquy-item soliloquy-item-3 soliloquy-image-slide\" draggable=\"false\" style=\"list-style:none\"><img decoding=\"async\" id=\"soliloquy-image-2170\" class=\"soliloquy-image soliloquy-image-3\" src=\"https:\/\/www.labernoise.ch\/keller\/wp-content\/uploads\/20241020_123250-scaled-1200x630_c.jpg\" alt=\"20241020_123250\" \/><\/li><li aria-hidden=\"true\" class=\"soliloquy-item soliloquy-item-4 soliloquy-image-slide\" draggable=\"false\" style=\"list-style:none\"><img decoding=\"async\" id=\"soliloquy-image-2169\" class=\"soliloquy-image soliloquy-image-4\" src=\"https:\/\/www.labernoise.ch\/keller\/wp-content\/uploads\/20240510_105139-scaled-1200x630_c.jpg\" alt=\"20240510_105139\" \/><\/li><li aria-hidden=\"true\" class=\"soliloquy-item soliloquy-item-5 soliloquy-image-slide\" draggable=\"false\" style=\"list-style:none\"><img decoding=\"async\" id=\"soliloquy-image-2165\" class=\"soliloquy-image soliloquy-image-5\" src=\"https:\/\/www.labernoise.ch\/keller\/wp-content\/uploads\/20240420_123932-scaled-1200x630_c.jpg\" alt=\"20240420_123932\" \/><\/li><li aria-hidden=\"true\" class=\"soliloquy-item soliloquy-item-6 soliloquy-image-slide\" draggable=\"false\" style=\"list-style:none\"><img decoding=\"async\" id=\"soliloquy-image-1982\" class=\"soliloquy-image soliloquy-image-6\" src=\"https:\/\/www.labernoise.ch\/keller\/wp-content\/uploads\/IMG-20220108-WA0002-1200x630_c.jpg\" alt=\"IMG-20220108-WA0002\" \/><\/li><li aria-hidden=\"true\" class=\"soliloquy-item soliloquy-item-7 soliloquy-image-slide\" draggable=\"false\" style=\"list-style:none\"><img decoding=\"async\" id=\"soliloquy-image-2128\" class=\"soliloquy-image soliloquy-image-7\" src=\"https:\/\/www.labernoise.ch\/keller\/wp-content\/uploads\/20241109_114837-scaled-1200x630_c.jpg\" alt=\"20241109_114837\" \/><\/li><li aria-hidden=\"true\" class=\"soliloquy-item soliloquy-item-8 soliloquy-image-slide\" draggable=\"false\" style=\"list-style:none\"><img decoding=\"async\" id=\"soliloquy-image-2176\" class=\"soliloquy-image soliloquy-image-8\" src=\"https:\/\/www.labernoise.ch\/keller\/wp-content\/uploads\/LMGO80941-scaled-1200x630_c.jpg\" alt=\"LMGO80941\" \/><\/li><li aria-hidden=\"true\" class=\"soliloquy-item soliloquy-item-9 soliloquy-image-slide\" draggable=\"false\" style=\"list-style:none\"><img decoding=\"async\" id=\"soliloquy-image-2171\" class=\"soliloquy-image soliloquy-image-9\" src=\"https:\/\/www.labernoise.ch\/keller\/wp-content\/uploads\/IMG-20240511-WA0032-1200x630_c.jpg\" alt=\"IMG-20240511-WA0032\" \/><\/li><li aria-hidden=\"true\" class=\"soliloquy-item soliloquy-item-10 soliloquy-image-slide\" draggable=\"false\" style=\"list-style:none\"><img decoding=\"async\" id=\"soliloquy-image-1874\" class=\"soliloquy-image soliloquy-image-10\" src=\"https:\/\/www.labernoise.ch\/keller\/wp-content\/uploads\/IMG-20200404-WA0006-1200x630_c.jpg\" alt=\"IMG-20200404-WA0006\" \/><\/li><li aria-hidden=\"true\" class=\"soliloquy-item soliloquy-item-11 soliloquy-image-slide\" draggable=\"false\" style=\"list-style:none\"><img decoding=\"async\" id=\"soliloquy-image-1887\" class=\"soliloquy-image soliloquy-image-11\" src=\"https:\/\/www.labernoise.ch\/keller\/wp-content\/uploads\/20200904_161013-1-1200x630_c.jpg\" alt=\"20200904_161013\" \/><\/li><li aria-hidden=\"true\" class=\"soliloquy-item soliloquy-item-12 soliloquy-image-slide\" draggable=\"false\" style=\"list-style:none\"><img decoding=\"async\" id=\"soliloquy-image-2125\" class=\"soliloquy-image soliloquy-image-12\" src=\"https:\/\/www.labernoise.ch\/keller\/wp-content\/uploads\/20240520_115923-scaled-1200x630_c.jpg\" alt=\"20240520_115923\" \/><\/li><\/ul><\/div><noscript><style type=\"text\/css\">#soliloquy-container-2202{opacity:1}<\/style><\/noscript><\/div>\n<\/div><\/div>\n","protected":false},"excerpt":{"rendered":"<p>Pour effectuer vos semis de pr\u00e9cisions, nous vous proposons un travail&nbsp;pr\u00e9cis avec du mat\u00e9riel r\u00e9cent et \u00e0 la pointe de la technologie, tout en pr\u00e9servant le sol. Sur souhait, nous effectuons aussi les travaux de pr\u00e9paration du sol: Semoirs pneumatiques: Nous vous proposons 2 syst\u00e8mes de semoir pneumatique: Packer avant, d\u00e9compacteur, herse rotative et semoir [&hellip;]<\/p>\n","protected":false},"author":2,"featured_media":1885,"parent":16,"menu_order":0,"comment_status":"closed","ping_status":"open","template":"","meta":{"_genesis_hide_title":false,"_genesis_hide_breadcrumbs":false,"_genesis_hide_singular_image":false,"_genesis_hide_footer_widgets":false,"_genesis_custom_body_class":"","_genesis_custom_post_class":"","_genesis_layout":"","footnotes":""},"_links":{"self":[{"href":"https:\/\/www.labernoise.ch\/keller\/wp-json\/wp\/v2\/pages\/123"}],"collection":[{"href":"https:\/\/www.labernoise.ch\/keller\/wp-json\/wp\/v2\/pages"}],"about":[{"href":"https:\/\/www.labernoise.ch\/keller\/wp-json\/wp\/v2\/types\/page"}],"author":[{"embeddable":true,"href":"https:\/\/www.labernoise.ch\/keller\/wp-json\/wp\/v2\/users\/2"}],"replies":[{"embeddable":true,"href":"https:\/\/www.labernoise.ch\/keller\/wp-json\/wp\/v2\/comments?post=123"}],"version-history":[{"count":140,"href":"https:\/\/www.labernoise.ch\/keller\/wp-json\/wp\/v2\/pages\/123\/revisions"}],"predecessor-version":[{"id":2203,"href":"https:\/\/www.labernoise.ch\/keller\/wp-json\/wp\/v2\/pages\/123\/revisions\/2203"}],"up":[{"embeddable":true,"href":"https:\/\/www.labernoise.ch\/keller\/wp-json\/wp\/v2\/pages\/16"}],"wp:featuredmedia":[{"embeddable":true,"href":"https:\/\/www.labernoise.ch\/keller\/wp-json\/wp\/v2\/media\/1885"}],"wp:attachment":[{"href":"https:\/\/www.labernoise.ch\/keller\/wp-json\/wp\/v2\/media?parent=123"}],"curies":[{"name":"wp","href":"https:\/\/api.w.org\/{rel}","templated":true}]}}