{"id":134,"date":"2010-09-26T11:54:58","date_gmt":"2010-09-26T11:54:58","guid":{"rendered":"http:\/\/www.labernoise.ch\/keller\/?page_id=134"},"modified":"2020-09-26T11:22:36","modified_gmt":"2020-09-26T11:22:36","slug":"terrassement-et-creuse","status":"publish","type":"page","link":"https:\/\/www.labernoise.ch\/keller\/travaux-pour-tiers\/terrassement-et-creuse\/","title":{"rendered":"Terrassement et creuse"},"content":{"rendered":"<ul>\n<li>Travaux de drainage<\/li>\n<li>Creuse pour fouille \u00e9l\u00e9ctrique o\u00f9 canalisation<\/li>\n<li>D\u00e9molition avec montabert<\/li>\n<li>Terrassement pour nouvelle construction<\/li>\n<li>Entretien des chemins publiques en gravier<\/li>\n<li>Am\u00e9nagements ext\u00e9rieurs villas (chemin, pose pav\u00e9, gazon, piscine).<\/li>\n<\/ul>\n<div id='gallery-1' class='gallery galleryid-134 gallery-columns-5 gallery-size-medium'><figure class='gallery-item'>\n\t\t\t<div class='gallery-icon landscape'>\n\t\t\t\t<a href='https:\/\/www.labernoise.ch\/keller\/wp-content\/uploads\/6.08.2010-ferme-009.jpg'><img loading=\"lazy\" decoding=\"async\" width=\"300\" height=\"225\" src=\"https:\/\/www.labernoise.ch\/keller\/wp-content\/uploads\/6.08.2010-ferme-009-300x225.jpg\" class=\"attachment-medium size-medium\" alt=\"\" srcset=\"https:\/\/www.labernoise.ch\/keller\/wp-content\/uploads\/6.08.2010-ferme-009-300x225.jpg 300w, https:\/\/www.labernoise.ch\/keller\/wp-content\/uploads\/6.08.2010-ferme-009-1024x768.jpg 1024w, https:\/\/www.labernoise.ch\/keller\/wp-content\/uploads\/6.08.2010-ferme-009.jpg 2048w\" sizes=\"(max-width: 300px) 100vw, 300px\" \/><\/a>\n\t\t\t<\/div><\/figure><figure class='gallery-item'>\n\t\t\t<div class='gallery-icon landscape'>\n\t\t\t\t<a href='https:\/\/www.labernoise.ch\/keller\/wp-content\/uploads\/IMG-20180314-WA0003.jpg'><img loading=\"lazy\" decoding=\"async\" width=\"300\" height=\"169\" src=\"https:\/\/www.labernoise.ch\/keller\/wp-content\/uploads\/IMG-20180314-WA0003-300x169.jpg\" class=\"attachment-medium size-medium\" alt=\"\" srcset=\"https:\/\/www.labernoise.ch\/keller\/wp-content\/uploads\/IMG-20180314-WA0003-300x169.jpg 300w, https:\/\/www.labernoise.ch\/keller\/wp-content\/uploads\/IMG-20180314-WA0003-768x432.jpg 768w, https:\/\/www.labernoise.ch\/keller\/wp-content\/uploads\/IMG-20180314-WA0003-1024x576.jpg 1024w, https:\/\/www.labernoise.ch\/keller\/wp-content\/uploads\/IMG-20180314-WA0003.jpg 1600w\" sizes=\"(max-width: 300px) 100vw, 300px\" \/><\/a>\n\t\t\t<\/div><\/figure><figure class='gallery-item'>\n\t\t\t<div class='gallery-icon landscape'>\n\t\t\t\t<a href='https:\/\/www.labernoise.ch\/keller\/wp-content\/uploads\/IMG-20180314-WA0002.jpg'><img loading=\"lazy\" decoding=\"async\" width=\"300\" height=\"169\" src=\"https:\/\/www.labernoise.ch\/keller\/wp-content\/uploads\/IMG-20180314-WA0002-300x169.jpg\" class=\"attachment-medium size-medium\" alt=\"\" srcset=\"https:\/\/www.labernoise.ch\/keller\/wp-content\/uploads\/IMG-20180314-WA0002-300x169.jpg 300w, https:\/\/www.labernoise.ch\/keller\/wp-content\/uploads\/IMG-20180314-WA0002-768x432.jpg 768w, https:\/\/www.labernoise.ch\/keller\/wp-content\/uploads\/IMG-20180314-WA0002-1024x576.jpg 1024w, https:\/\/www.labernoise.ch\/keller\/wp-content\/uploads\/IMG-20180314-WA0002.jpg 1600w\" sizes=\"(max-width: 300px) 100vw, 300px\" \/><\/a>\n\t\t\t<\/div><\/figure><figure class='gallery-item'>\n\t\t\t<div class='gallery-icon landscape'>\n\t\t\t\t<a href='https:\/\/www.labernoise.ch\/keller\/wp-content\/uploads\/IMG-20180315-WA0001.jpg'><img loading=\"lazy\" decoding=\"async\" width=\"300\" height=\"169\" src=\"https:\/\/www.labernoise.ch\/keller\/wp-content\/uploads\/IMG-20180315-WA0001-300x169.jpg\" class=\"attachment-medium size-medium\" alt=\"\" srcset=\"https:\/\/www.labernoise.ch\/keller\/wp-content\/uploads\/IMG-20180315-WA0001-300x169.jpg 300w, https:\/\/www.labernoise.ch\/keller\/wp-content\/uploads\/IMG-20180315-WA0001-768x432.jpg 768w, https:\/\/www.labernoise.ch\/keller\/wp-content\/uploads\/IMG-20180315-WA0001-1024x576.jpg 1024w, https:\/\/www.labernoise.ch\/keller\/wp-content\/uploads\/IMG-20180315-WA0001.jpg 1600w\" sizes=\"(max-width: 300px) 100vw, 300px\" \/><\/a>\n\t\t\t<\/div><\/figure><figure class='gallery-item'>\n\t\t\t<div class='gallery-icon landscape'>\n\t\t\t\t<a href='https:\/\/www.labernoise.ch\/keller\/wp-content\/uploads\/IMG-20180314-WA0004.jpg'><img loading=\"lazy\" decoding=\"async\" width=\"300\" height=\"169\" src=\"https:\/\/www.labernoise.ch\/keller\/wp-content\/uploads\/IMG-20180314-WA0004-300x169.jpg\" class=\"attachment-medium size-medium\" alt=\"\" srcset=\"https:\/\/www.labernoise.ch\/keller\/wp-content\/uploads\/IMG-20180314-WA0004-300x169.jpg 300w, https:\/\/www.labernoise.ch\/keller\/wp-content\/uploads\/IMG-20180314-WA0004-768x432.jpg 768w, https:\/\/www.labernoise.ch\/keller\/wp-content\/uploads\/IMG-20180314-WA0004-1024x576.jpg 1024w, https:\/\/www.labernoise.ch\/keller\/wp-content\/uploads\/IMG-20180314-WA0004.jpg 1600w\" sizes=\"(max-width: 300px) 100vw, 300px\" \/><\/a>\n\t\t\t<\/div><\/figure><figure class='gallery-item'>\n\t\t\t<div class='gallery-icon landscape'>\n\t\t\t\t<a href='https:\/\/www.labernoise.ch\/keller\/wp-content\/uploads\/Battoir-2008no\u00ebl2008-1.1.09-029.jpg'><img loading=\"lazy\" decoding=\"async\" width=\"300\" height=\"225\" src=\"https:\/\/www.labernoise.ch\/keller\/wp-content\/uploads\/Battoir-2008no\u00ebl2008-1.1.09-029-300x225.jpg\" class=\"attachment-medium size-medium\" alt=\"\" srcset=\"https:\/\/www.labernoise.ch\/keller\/wp-content\/uploads\/Battoir-2008no\u00ebl2008-1.1.09-029-300x225.jpg 300w, https:\/\/www.labernoise.ch\/keller\/wp-content\/uploads\/Battoir-2008no\u00ebl2008-1.1.09-029-1024x768.jpg 1024w, https:\/\/www.labernoise.ch\/keller\/wp-content\/uploads\/Battoir-2008no\u00ebl2008-1.1.09-029.jpg 2048w\" sizes=\"(max-width: 300px) 100vw, 300px\" \/><\/a>\n\t\t\t<\/div><\/figure><figure class='gallery-item'>\n\t\t\t<div class='gallery-icon landscape'>\n\t\t\t\t<a href='https:\/\/www.labernoise.ch\/keller\/wp-content\/uploads\/DSC00302.jpg'><img loading=\"lazy\" decoding=\"async\" width=\"300\" height=\"225\" src=\"https:\/\/www.labernoise.ch\/keller\/wp-content\/uploads\/DSC00302-300x225.jpg\" class=\"attachment-medium size-medium\" alt=\"\" srcset=\"https:\/\/www.labernoise.ch\/keller\/wp-content\/uploads\/DSC00302-300x225.jpg 300w, https:\/\/www.labernoise.ch\/keller\/wp-content\/uploads\/DSC00302-1024x768.jpg 1024w, https:\/\/www.labernoise.ch\/keller\/wp-content\/uploads\/DSC00302.jpg 2048w\" sizes=\"(max-width: 300px) 100vw, 300px\" \/><\/a>\n\t\t\t<\/div><\/figure><figure class='gallery-item'>\n\t\t\t<div class='gallery-icon portrait'>\n\t\t\t\t<a href='https:\/\/www.labernoise.ch\/keller\/wp-content\/uploads\/IMG_0848.jpg'><img loading=\"lazy\" decoding=\"async\" width=\"225\" height=\"300\" src=\"https:\/\/www.labernoise.ch\/keller\/wp-content\/uploads\/IMG_0848-225x300.jpg\" class=\"attachment-medium size-medium\" alt=\"\" srcset=\"https:\/\/www.labernoise.ch\/keller\/wp-content\/uploads\/IMG_0848-225x300.jpg 225w, https:\/\/www.labernoise.ch\/keller\/wp-content\/uploads\/IMG_0848-768x1024.jpg 768w\" sizes=\"(max-width: 225px) 100vw, 225px\" \/><\/a>\n\t\t\t<\/div><\/figure><figure class='gallery-item'>\n\t\t\t<div class='gallery-icon landscape'>\n\t\t\t\t<a href='https:\/\/www.labernoise.ch\/keller\/wp-content\/uploads\/20180626_092601.jpg'><img loading=\"lazy\" decoding=\"async\" width=\"300\" height=\"169\" src=\"https:\/\/www.labernoise.ch\/keller\/wp-content\/uploads\/20180626_092601-300x169.jpg\" class=\"attachment-medium size-medium\" alt=\"\" srcset=\"https:\/\/www.labernoise.ch\/keller\/wp-content\/uploads\/20180626_092601-300x169.jpg 300w, https:\/\/www.labernoise.ch\/keller\/wp-content\/uploads\/20180626_092601-768x432.jpg 768w, https:\/\/www.labernoise.ch\/keller\/wp-content\/uploads\/20180626_092601-1024x576.jpg 1024w\" sizes=\"(max-width: 300px) 100vw, 300px\" \/><\/a>\n\t\t\t<\/div><\/figure>\n\t\t<\/div>\n\n<p>Am\u00e9nagement villa (chemin gravions 8\/16)<\/p>\n<div id='gallery-2' class='gallery galleryid-134 gallery-columns-3 gallery-size-medium'><figure class='gallery-item'>\n\t\t\t<div class='gallery-icon portrait'>\n\t\t\t\t<a href='https:\/\/www.labernoise.ch\/keller\/wp-content\/uploads\/photo-natel-17.09.2011-084.jpg'><img loading=\"lazy\" decoding=\"async\" width=\"225\" height=\"300\" src=\"https:\/\/www.labernoise.ch\/keller\/wp-content\/uploads\/photo-natel-17.09.2011-084-225x300.jpg\" class=\"attachment-medium size-medium\" alt=\"\" srcset=\"https:\/\/www.labernoise.ch\/keller\/wp-content\/uploads\/photo-natel-17.09.2011-084-225x300.jpg 225w, https:\/\/www.labernoise.ch\/keller\/wp-content\/uploads\/photo-natel-17.09.2011-084-768x1024.jpg 768w, https:\/\/www.labernoise.ch\/keller\/wp-content\/uploads\/photo-natel-17.09.2011-084.jpg 1536w\" sizes=\"(max-width: 225px) 100vw, 225px\" \/><\/a>\n\t\t\t<\/div><\/figure><figure class='gallery-item'>\n\t\t\t<div class='gallery-icon landscape'>\n\t\t\t\t<a href='https:\/\/www.labernoise.ch\/keller\/wp-content\/uploads\/photo-natel-17.09.2011-086.jpg'><img loading=\"lazy\" decoding=\"async\" width=\"300\" height=\"225\" src=\"https:\/\/www.labernoise.ch\/keller\/wp-content\/uploads\/photo-natel-17.09.2011-086-300x225.jpg\" class=\"attachment-medium size-medium\" alt=\"\" srcset=\"https:\/\/www.labernoise.ch\/keller\/wp-content\/uploads\/photo-natel-17.09.2011-086-300x225.jpg 300w, https:\/\/www.labernoise.ch\/keller\/wp-content\/uploads\/photo-natel-17.09.2011-086-1024x768.jpg 1024w, https:\/\/www.labernoise.ch\/keller\/wp-content\/uploads\/photo-natel-17.09.2011-086.jpg 2048w\" sizes=\"(max-width: 300px) 100vw, 300px\" \/><\/a>\n\t\t\t<\/div><\/figure><figure class='gallery-item'>\n\t\t\t<div class='gallery-icon landscape'>\n\t\t\t\t<a href='https:\/\/www.labernoise.ch\/keller\/wp-content\/uploads\/photo-natel-17.09.2011-085.jpg'><img loading=\"lazy\" decoding=\"async\" width=\"300\" height=\"225\" src=\"https:\/\/www.labernoise.ch\/keller\/wp-content\/uploads\/photo-natel-17.09.2011-085-300x225.jpg\" class=\"attachment-medium size-medium\" alt=\"\" srcset=\"https:\/\/www.labernoise.ch\/keller\/wp-content\/uploads\/photo-natel-17.09.2011-085-300x225.jpg 300w, https:\/\/www.labernoise.ch\/keller\/wp-content\/uploads\/photo-natel-17.09.2011-085-1024x768.jpg 1024w, https:\/\/www.labernoise.ch\/keller\/wp-content\/uploads\/photo-natel-17.09.2011-085.jpg 2048w\" sizes=\"(max-width: 300px) 100vw, 300px\" \/><\/a>\n\t\t\t<\/div><\/figure>\n\t\t<\/div>\n\n<p>Location de divers machines de terrassement:<\/p>\n<ul>\n<li>Bobcat 443<\/li>\n<li>Retro 1.5 T avec accessoire, montabert, godet talus, godet fouille<\/li>\n<li>Retro 5 T avec accessoire, godet talus, godet terre, godet fouille, \u00e9quipement pour curage de canal<\/li>\n<li>Plaque vibrante 100 kg<\/li>\n<li>Scie pour couper b\u00e9ton \/ asphalte<\/li>\n<li>Rouleau 2500 kg double bille<\/li>\n<li>Lunette laser<\/li>\n<\/ul>\n<p><img loading=\"lazy\" decoding=\"async\" class=\"aligncenter wp-image-1531 \" title=\"Rouleau 2500 kg + remorque\" src=\"http:\/\/www.labernoise.ch\/keller\/wp-content\/uploads\/20150306_141255-1024x576.jpg\" alt=\"\" width=\"768\" height=\"432\" srcset=\"https:\/\/www.labernoise.ch\/keller\/wp-content\/uploads\/20150306_141255-1024x576.jpg 1024w, https:\/\/www.labernoise.ch\/keller\/wp-content\/uploads\/20150306_141255-300x168.jpg 300w\" sizes=\"(max-width: 768px) 100vw, 768px\" \/><\/p>\n","protected":false},"excerpt":{"rendered":"<p>Travaux de drainage Creuse pour fouille \u00e9l\u00e9ctrique o\u00f9 canalisation D\u00e9molition avec montabert Terrassement pour nouvelle construction Entretien des chemins publiques en gravier Am\u00e9nagements ext\u00e9rieurs villas (chemin, pose pav\u00e9, gazon, piscine). Am\u00e9nagement villa (chemin gravions 8\/16) Location de divers machines de terrassement: Bobcat 443 Retro 1.5 T avec accessoire, montabert, godet talus, godet fouille Retro 5 [&hellip;]<\/p>\n","protected":false},"author":2,"featured_media":1861,"parent":16,"menu_order":47,"comment_status":"closed","ping_status":"open","template":"","meta":{"_genesis_hide_title":false,"_genesis_hide_breadcrumbs":false,"_genesis_hide_singular_image":false,"_genesis_hide_footer_widgets":false,"_genesis_custom_body_class":"","_genesis_custom_post_class":"","_genesis_layout":"","footnotes":""},"_links":{"self":[{"href":"https:\/\/www.labernoise.ch\/keller\/wp-json\/wp\/v2\/pages\/134"}],"collection":[{"href":"https:\/\/www.labernoise.ch\/keller\/wp-json\/wp\/v2\/pages"}],"about":[{"href":"https:\/\/www.labernoise.ch\/keller\/wp-json\/wp\/v2\/types\/page"}],"author":[{"embeddable":true,"href":"https:\/\/www.labernoise.ch\/keller\/wp-json\/wp\/v2\/users\/2"}],"replies":[{"embeddable":true,"href":"https:\/\/www.labernoise.ch\/keller\/wp-json\/wp\/v2\/comments?post=134"}],"version-history":[{"count":36,"href":"https:\/\/www.labernoise.ch\/keller\/wp-json\/wp\/v2\/pages\/134\/revisions"}],"predecessor-version":[{"id":1802,"href":"https:\/\/www.labernoise.ch\/keller\/wp-json\/wp\/v2\/pages\/134\/revisions\/1802"}],"up":[{"embeddable":true,"href":"https:\/\/www.labernoise.ch\/keller\/wp-json\/wp\/v2\/pages\/16"}],"wp:featuredmedia":[{"embeddable":true,"href":"https:\/\/www.labernoise.ch\/keller\/wp-json\/wp\/v2\/media\/1861"}],"wp:attachment":[{"href":"https:\/\/www.labernoise.ch\/keller\/wp-json\/wp\/v2\/media?parent=134"}],"curies":[{"name":"wp","href":"https:\/\/api.w.org\/{rel}","templated":true}]}}