{"id":1401,"date":"2016-05-22T18:19:42","date_gmt":"2016-05-22T18:19:42","guid":{"rendered":"http:\/\/www.labernoise.ch\/keller\/?page_id=1401"},"modified":"2024-12-28T15:57:19","modified_gmt":"2024-12-28T13:57:19","slug":"strip-till","status":"publish","type":"page","link":"https:\/\/www.labernoise.ch\/keller\/travaux-pour-tiers\/strip-till\/","title":{"rendered":"Bande frais\u00e9e"},"content":{"rendered":"<div class=\"wp-block-image\">\n<figure class=\"aligncenter size-large\"><img loading=\"lazy\" decoding=\"async\" width=\"1024\" height=\"461\" src=\"https:\/\/www.labernoise.ch\/keller\/wp-content\/uploads\/IMG-20220504-WA0001-1024x461.jpg\" alt=\"\" class=\"wp-image-1973\" title=\"Stip-till + engrais dans la ligne apr\u00e8s ma\u00efs 3\/3\" srcset=\"https:\/\/www.labernoise.ch\/keller\/wp-content\/uploads\/IMG-20220504-WA0001-1024x461.jpg 1024w, https:\/\/www.labernoise.ch\/keller\/wp-content\/uploads\/IMG-20220504-WA0001-300x135.jpg 300w, https:\/\/www.labernoise.ch\/keller\/wp-content\/uploads\/IMG-20220504-WA0001-768x346.jpg 768w, https:\/\/www.labernoise.ch\/keller\/wp-content\/uploads\/IMG-20220504-WA0001-1536x691.jpg 1536w, https:\/\/www.labernoise.ch\/keller\/wp-content\/uploads\/IMG-20220504-WA0001.jpg 2000w\" sizes=\"(max-width: 1024px) 100vw, 1024px\" \/><\/figure><\/div>\n\n\n<p><\/p>\n\n\n\n<h3 class=\"wp-block-heading\">Avantages de la bande frais\u00e9e:<\/h3>\n\n\n\n<ul>\n<li>Faciliter la germination dans l&rsquo;humidit\u00e9.<\/li>\n\n\n\n<li>Am\u00e9liorer le d\u00e9veloppement racinaire.<\/li>\n\n\n\n<li>Diminution de carburant (moins de passage).<\/li>\n\n\n\n<li>Limiter l&rsquo;\u00e9rosion.<\/li>\n\n\n\n<li>Localisation possible de l&rsquo;engrais l\u00e0 o\u00f9 la plante en a besoin =&gt; r\u00e9duction&nbsp;&nbsp; de la dose jusqu&rsquo;\u00e0 30 % de moins.<\/li>\n\n\n\n<li>Am\u00e9liore la teneur en mati\u00e8re organique.<\/li>\n\n\n\n<li>Garder une bonne structure des sols.<strong><span style=\"font-size: large;\"><\/span><\/strong><\/li>\n\n\n\n<li>Etre plus rapide dans les divers interventions (organisations du travail).<\/li>\n<\/ul>\n\n\n\n<h5 class=\"wp-block-heading\">La bande frais\u00e9e est une m\u00e9thode simplifi\u00e9e pour gagner plus en travaillant moins, tout en respectant les sols !!!<\/h5>\n\n\n\n<figure class=\"wp-block-image size-large\"><img loading=\"lazy\" decoding=\"async\" width=\"1024\" height=\"461\" src=\"https:\/\/www.labernoise.ch\/keller\/wp-content\/uploads\/20220419_135453-1024x461.jpg\" alt=\"\" class=\"wp-image-2221\" srcset=\"https:\/\/www.labernoise.ch\/keller\/wp-content\/uploads\/20220419_135453-1024x461.jpg 1024w, https:\/\/www.labernoise.ch\/keller\/wp-content\/uploads\/20220419_135453-300x135.jpg 300w, https:\/\/www.labernoise.ch\/keller\/wp-content\/uploads\/20220419_135453-768x346.jpg 768w, https:\/\/www.labernoise.ch\/keller\/wp-content\/uploads\/20220419_135453-1536x691.jpg 1536w, https:\/\/www.labernoise.ch\/keller\/wp-content\/uploads\/20220419_135453-2048x922.jpg 2048w\" sizes=\"(max-width: 1024px) 100vw, 1024px\" \/><\/figure>\n\n\n\n<h5 class=\"wp-block-heading\">Bande frais\u00e9e en 2 phases. (Pr\u00e9paration bande\/semis 8 rangs) ou 1 passage combin\u00e9 (engrais-bande frais\u00e9e-semis)<\/h5>\n\n\n\n<p><\/p>\n\n\n\n<p>Il est possible d&rsquo; introduire un engrais pendant la pr\u00e9paration de la bande frais\u00e9e ainsi qu&rsquo;au semis.<\/p>\n\n\n<div class=\"wp-block-image\">\n<figure class=\"alignleft is-resized\"><img loading=\"lazy\" decoding=\"async\" width=\"1024\" height=\"485\" src=\"https:\/\/www.labernoise.ch\/keller\/wp-content\/uploads\/IMG-20200423-WA0001-1024x485.jpg\" alt=\"\" class=\"wp-image-1830\" style=\"width:542px;height:auto\" srcset=\"https:\/\/www.labernoise.ch\/keller\/wp-content\/uploads\/IMG-20200423-WA0001-1024x485.jpg 1024w, https:\/\/www.labernoise.ch\/keller\/wp-content\/uploads\/IMG-20200423-WA0001-300x142.jpg 300w, https:\/\/www.labernoise.ch\/keller\/wp-content\/uploads\/IMG-20200423-WA0001-768x364.jpg 768w, https:\/\/www.labernoise.ch\/keller\/wp-content\/uploads\/IMG-20200423-WA0001.jpg 2048w\" sizes=\"(max-width: 1024px) 100vw, 1024px\" \/><\/figure><\/div>\n\n\n<figure class=\"wp-block-image\"><img loading=\"lazy\" decoding=\"async\" width=\"1024\" height=\"485\" src=\"https:\/\/www.labernoise.ch\/keller\/wp-content\/uploads\/20210424_0838551-1024x485.jpg\" alt=\"\" class=\"wp-image-1930\" srcset=\"https:\/\/www.labernoise.ch\/keller\/wp-content\/uploads\/20210424_0838551-1024x485.jpg 1024w, https:\/\/www.labernoise.ch\/keller\/wp-content\/uploads\/20210424_0838551-300x142.jpg 300w, https:\/\/www.labernoise.ch\/keller\/wp-content\/uploads\/20210424_0838551-768x363.jpg 768w\" sizes=\"(max-width: 1024px) 100vw, 1024px\" \/><\/figure>\n\n\n<div class=\"wp-block-image\">\n<figure class=\"aligncenter is-resized\"><img loading=\"lazy\" decoding=\"async\" width=\"300\" height=\"142\" src=\"https:\/\/www.labernoise.ch\/keller\/wp-content\/uploads\/20200607_144052-300x142.jpg\" alt=\"\" class=\"wp-image-1836\" style=\"width:588px;height:auto\" srcset=\"https:\/\/www.labernoise.ch\/keller\/wp-content\/uploads\/20200607_144052-300x142.jpg 300w, https:\/\/www.labernoise.ch\/keller\/wp-content\/uploads\/20200607_144052-768x363.jpg 768w, https:\/\/www.labernoise.ch\/keller\/wp-content\/uploads\/20200607_144052-1024x485.jpg 1024w\" sizes=\"(max-width: 300px) 100vw, 300px\" \/><\/figure><\/div>\n\n\n<div class=\"wp-block-group\"><div class=\"wp-block-group__inner-container is-layout-constrained wp-block-group-is-layout-constrained\">\n<div class=\"wp-block-buttons is-layout-flex wp-container-core-buttons-is-layout-1 wp-block-buttons-is-layout-flex\">\n<div class=\"wp-block-button\"><a class=\"wp-block-button__link has-text-align-center wp-element-button\" href=\"https:\/\/youtu.be\/psb4jP4k8Ro\">Vid\u00e9o Bande frais\u00e9e<\/a><\/div>\n<\/div>\n<\/div><\/div>\n","protected":false},"excerpt":{"rendered":"<p>Avantages de la bande frais\u00e9e: La bande frais\u00e9e est une m\u00e9thode simplifi\u00e9e pour gagner plus en travaillant moins, tout en respectant les sols !!! Bande frais\u00e9e en 2 phases. (Pr\u00e9paration bande\/semis 8 rangs) ou 1 passage combin\u00e9 (engrais-bande frais\u00e9e-semis) Il est possible d&rsquo; introduire un engrais pendant la pr\u00e9paration de la bande frais\u00e9e ainsi qu&rsquo;au [&hellip;]<\/p>\n","protected":false},"author":2,"featured_media":1792,"parent":16,"menu_order":0,"comment_status":"closed","ping_status":"closed","template":"","meta":{"_genesis_hide_title":false,"_genesis_hide_breadcrumbs":false,"_genesis_hide_singular_image":false,"_genesis_hide_footer_widgets":false,"_genesis_custom_body_class":"","_genesis_custom_post_class":"","_genesis_layout":"","footnotes":""},"_links":{"self":[{"href":"https:\/\/www.labernoise.ch\/keller\/wp-json\/wp\/v2\/pages\/1401"}],"collection":[{"href":"https:\/\/www.labernoise.ch\/keller\/wp-json\/wp\/v2\/pages"}],"about":[{"href":"https:\/\/www.labernoise.ch\/keller\/wp-json\/wp\/v2\/types\/page"}],"author":[{"embeddable":true,"href":"https:\/\/www.labernoise.ch\/keller\/wp-json\/wp\/v2\/users\/2"}],"replies":[{"embeddable":true,"href":"https:\/\/www.labernoise.ch\/keller\/wp-json\/wp\/v2\/comments?post=1401"}],"version-history":[{"count":115,"href":"https:\/\/www.labernoise.ch\/keller\/wp-json\/wp\/v2\/pages\/1401\/revisions"}],"predecessor-version":[{"id":2222,"href":"https:\/\/www.labernoise.ch\/keller\/wp-json\/wp\/v2\/pages\/1401\/revisions\/2222"}],"up":[{"embeddable":true,"href":"https:\/\/www.labernoise.ch\/keller\/wp-json\/wp\/v2\/pages\/16"}],"wp:featuredmedia":[{"embeddable":true,"href":"https:\/\/www.labernoise.ch\/keller\/wp-json\/wp\/v2\/media\/1792"}],"wp:attachment":[{"href":"https:\/\/www.labernoise.ch\/keller\/wp-json\/wp\/v2\/media?parent=1401"}],"curies":[{"name":"wp","href":"https:\/\/api.w.org\/{rel}","templated":true}]}}