{"id":2,"date":"2010-09-17T06:22:35","date_gmt":"2010-09-17T06:22:35","guid":{"rendered":"http:\/\/www.labernoise.ch\/keller\/?page_id=2"},"modified":"2024-12-28T16:08:25","modified_gmt":"2024-12-28T14:08:25","slug":"a-propos","status":"publish","type":"page","link":"https:\/\/www.labernoise.ch\/keller\/a-propos\/","title":{"rendered":"Historique"},"content":{"rendered":"\n<h2 class=\"wp-block-heading\"><span style=\"font-size: x-large;\">\u00ab\u00a0la Bernoise\u00a0\u00bb, Commune d&rsquo;Orny<\/span><\/h2>\n\n\n\n<h2 class=\"wp-block-heading\"><img loading=\"lazy\" decoding=\"async\" class=\"alignleft size-medium wp-image-301\" title=\"Ferme OSMON\" src=\"http:\/\/www.labernoise.ch\/keller\/wp-content\/uploads\/Plan-ferme-1936-218x300.jpg\" alt=\"\" width=\"218\" height=\"300\" srcset=\"https:\/\/www.labernoise.ch\/keller\/wp-content\/uploads\/Plan-ferme-1936-218x300.jpg 218w, https:\/\/www.labernoise.ch\/keller\/wp-content\/uploads\/Plan-ferme-1936-745x1024.jpg 745w, https:\/\/www.labernoise.ch\/keller\/wp-content\/uploads\/Plan-ferme-1936.jpg 1622w\" sizes=\"(max-width: 218px) 100vw, 218px\" \/><\/h2>\n\n\n\n<h2 class=\"wp-block-heading\"><strong><span style=\"font-size: large;\">1936<\/span><\/strong><\/h2>\n\n\n\n<p>Jean Keller (1882) acquit le 3 juillet 1936 pour son deuxi\u00e8me fils les terrains de l&rsquo;entreprise Osmon SA, qui exploitait la tourbe sur les communes d&rsquo;Orny, Pompaples et Bavois pendant la premi\u00e8re guerre mondiale. Ces terres \u00e9taient travaill\u00e9es sous le nom \u00ab\u00a0Ferme Osmon\u00a0\u00bb, Bavois, Jean- Pierre Keller. Ce travail concernait pour commencer le d\u00e9frichage, la fumure et le fauchage. Apr\u00e8s avoir baiss\u00e9 la nappe d&rsquo;eau autant que possible par des canaux, foss\u00e9s et quelques drainages, il sera plus tard question de cultiver ces terrains de 135 ha, plus intensivement, par la charrue. Achat par cautionnement des deux fils Fritz et Jean-Pierre, de deux tracteurs FORDSON r\u00e9vis\u00e9s pour 4&rsquo;610.- Fr. chacun, location de mat\u00e9riel sp\u00e9cifique pour travailler ce sol sauvage aux domaines SGG Ependes et Chavornay. Plantation par un labour superficiel de 8 ha de pommes de terre fourrag\u00e8res \u00ab\u00a0Erdgold\u00a0\u00bb. Ensemencer des prairies alors envahies de roseaux, avec de l&rsquo;avoine jaun\u00e2tre, f\u00e9tuque des pr\u00e9s, fromental et dactyle pour avoir un meilleur fourrage pour la vente. Cultiver du seigle \u00ab\u00a0Witzwiler\u00a0\u00bb, pommes de terre \u00ab\u00a0Ackersegen\u00a0\u00bb, choux, fourrage et roseaux. Fin d&rsquo;automne plantation de 10&rsquo;000 troncs de rhubarbre \u00ab\u00a0K\u00f6nigin Victoria\u00a0\u00bb. Stockage des pommes de terre dans des silos sur le terrain et couverture avec des roseaux. Pas de gros b\u00e9tail, seulement quelques moutons pour p\u00e2turer.<\/p>\n\n\n<div class=\"wp-block-image\">\n<figure class=\"aligncenter\"><img loading=\"lazy\" decoding=\"async\" width=\"1024\" height=\"685\" src=\"http:\/\/www.labernoise.ch\/keller\/wp-content\/uploads\/R\u00e9colte-PDT1-1024x685.jpg\" alt=\"\" class=\"wp-image-336\" title=\"R\u00e9colte PDT\" srcset=\"https:\/\/www.labernoise.ch\/keller\/wp-content\/uploads\/R\u00e9colte-PDT1-1024x685.jpg 1024w, https:\/\/www.labernoise.ch\/keller\/wp-content\/uploads\/R\u00e9colte-PDT1-300x200.jpg 300w, https:\/\/www.labernoise.ch\/keller\/wp-content\/uploads\/R\u00e9colte-PDT1.jpg 1269w\" sizes=\"(max-width: 1024px) 100vw, 1024px\" \/><\/figure><\/div>\n\n\n<p class=\"has-text-align-center\"><\/p>\n\n\n\n<p><strong><span style=\"font-size: large;\">1938<\/span><\/strong><\/p>\n\n\n\n<p>Achat de 13,6 ha de terrains suppl\u00e9mentaires avec b\u00e2timents, propri\u00e9t\u00e9 de Monsieur Albert Oulevay, ferme de L&rsquo;Islande, Bavois, anciennement exploit\u00e9s pour la tourbe par la \u00ab\u00a0Soci\u00e9t\u00e9 Union Berne\u00a0\u00bb, (Kohlen AG Bern) qui donna le futur nom du rural principal: \u00a0\u00bb La Bernoise\u00a0\u00bb (b\u00e2timent de 1840). Jean -Pierre&nbsp; Keller (1910) ing.agr. et exploitant, est appel\u00e9 \u00e0 l&rsquo;office de taxation \u00e0 Brugg. Mise en fermage du domaine aux cultures mara\u00eech\u00e8res SGG de Chi\u00e8tres avec Monsieur Fritz Lehmann comme g\u00e9rant. Le domaine de Bavois repr\u00e9sente 156 ha, aucun b\u00e9tail.<\/p>\n\n\n<div class=\"wp-block-image\">\n<figure class=\"alignleft\"><img loading=\"lazy\" decoding=\"async\" width=\"300\" height=\"159\" src=\"http:\/\/www.labernoise.ch\/keller\/wp-content\/uploads\/Pomme-de-terre-1942-300x159.jpg\" alt=\"\" class=\"wp-image-323\" title=\"Pomme de terre 1942\" srcset=\"https:\/\/www.labernoise.ch\/keller\/wp-content\/uploads\/Pomme-de-terre-1942-300x159.jpg 300w, https:\/\/www.labernoise.ch\/keller\/wp-content\/uploads\/Pomme-de-terre-1942.jpg 1004w\" sizes=\"(max-width: 300px) 100vw, 300px\" \/><\/figure><\/div>\n\n<div class=\"wp-block-image\">\n<figure class=\"alignright\"><img loading=\"lazy\" decoding=\"async\" width=\"300\" height=\"181\" src=\"http:\/\/www.labernoise.ch\/keller\/wp-content\/uploads\/R\u00e9colte-PDT-1947-300x181.jpg\" alt=\"\" class=\"wp-image-325\" title=\"R\u00e9colte PDT 1947\" srcset=\"https:\/\/www.labernoise.ch\/keller\/wp-content\/uploads\/R\u00e9colte-PDT-1947-300x181.jpg 300w, https:\/\/www.labernoise.ch\/keller\/wp-content\/uploads\/R\u00e9colte-PDT-1947-1024x618.jpg 1024w, https:\/\/www.labernoise.ch\/keller\/wp-content\/uploads\/R\u00e9colte-PDT-1947.jpg 1186w\" sizes=\"(max-width: 300px) 100vw, 300px\" \/><\/figure><\/div>\n\n\n<p class=\"has-text-align-right\"><strong>R\u00e9colte pommes de terre 1947<\/strong><\/p>\n\n\n\n<p class=\"has-text-align-left\"><strong><span style=\"font-size: large;\">1941<\/span><\/strong><\/p>\n\n\n\n<p class=\"has-text-align-left\">Le 18 ao\u00fbt&nbsp; un incendie d\u00e9truit le rural \u00e0 Entreroches, deux pompiers meurent. D\u00e9c\u00e8s brutal de Jean Keller \u00e0 Reconvillier JU. La hoirie Keller, les enfants de Jean, deviennent propri\u00e9taires du domaine \u00ab\u00a0Ferme Osmon\u00a0\u00bb et continuent \u00e0 le louer aux cultures mara\u00eech\u00e8res SGG, o\u00f9 Fritz Keller, fils a\u00een\u00e9 de Jean, succ\u00e8de \u00e0 son p\u00e8re comme directeur. D\u00e9but de l&rsquo;\u00e9levage de b\u00e9tail. 20 vaches avec le jeune b\u00e9tail. Construction d&rsquo;une porcherie et d&rsquo;une moutonnerie. Utilisation des d\u00e9chets agricoles.<\/p>\n\n\n<div class=\"wp-block-image\">\n<figure class=\"alignleft\"><img loading=\"lazy\" decoding=\"async\" width=\"300\" height=\"202\" src=\"http:\/\/www.labernoise.ch\/keller\/wp-content\/uploads\/ferme-vaches-300x202.jpg\" alt=\"\" class=\"wp-image-308\" title=\"ferme vaches\" srcset=\"https:\/\/www.labernoise.ch\/keller\/wp-content\/uploads\/ferme-vaches-300x202.jpg 300w, https:\/\/www.labernoise.ch\/keller\/wp-content\/uploads\/ferme-vaches-1024x689.jpg 1024w, https:\/\/www.labernoise.ch\/keller\/wp-content\/uploads\/ferme-vaches.jpg 1219w\" sizes=\"(max-width: 300px) 100vw, 300px\" \/><\/figure><\/div>\n\n<div class=\"wp-block-image\">\n<figure class=\"alignright\"><img loading=\"lazy\" decoding=\"async\" width=\"300\" height=\"197\" src=\"http:\/\/www.labernoise.ch\/keller\/wp-content\/uploads\/La-Bernoise-1947-300x197.jpg\" alt=\"\" class=\"wp-image-320\" title=\"La Bernoise 1947\" srcset=\"https:\/\/www.labernoise.ch\/keller\/wp-content\/uploads\/La-Bernoise-1947-300x197.jpg 300w, https:\/\/www.labernoise.ch\/keller\/wp-content\/uploads\/La-Bernoise-1947-1024x674.jpg 1024w, https:\/\/www.labernoise.ch\/keller\/wp-content\/uploads\/La-Bernoise-1947.jpg 1153w\" sizes=\"(max-width: 300px) 100vw, 300px\" \/><\/figure><\/div>\n\n<div class=\"wp-block-image\">\n<figure class=\"aligncenter\"><img loading=\"lazy\" decoding=\"async\" width=\"1024\" height=\"720\" src=\"http:\/\/www.labernoise.ch\/keller\/wp-content\/uploads\/Ferme-moutons-1024x720.jpg\" alt=\"\" class=\"wp-image-309\" title=\"Ferme moutons\" srcset=\"https:\/\/www.labernoise.ch\/keller\/wp-content\/uploads\/Ferme-moutons-1024x720.jpg 1024w, https:\/\/www.labernoise.ch\/keller\/wp-content\/uploads\/Ferme-moutons-300x211.jpg 300w, https:\/\/www.labernoise.ch\/keller\/wp-content\/uploads\/Ferme-moutons.jpg 1159w\" sizes=\"(max-width: 1024px) 100vw, 1024px\" \/><\/figure><\/div>\n\n\n<p class=\"has-text-align-left\"><strong><span style=\"font-size: large;\">1960<\/span><\/strong><\/p>\n\n\n<div class=\"wp-block-image\">\n<figure class=\"alignleft\"><img loading=\"lazy\" decoding=\"async\" width=\"300\" height=\"189\" src=\"http:\/\/www.labernoise.ch\/keller\/wp-content\/uploads\/Incendie-1960-2-300x189.jpg\" alt=\"\" class=\"wp-image-307\" title=\"Incendie 1960 (2)\" srcset=\"https:\/\/www.labernoise.ch\/keller\/wp-content\/uploads\/Incendie-1960-2-300x189.jpg 300w, https:\/\/www.labernoise.ch\/keller\/wp-content\/uploads\/Incendie-1960-2.jpg 888w\" sizes=\"(max-width: 300px) 100vw, 300px\" \/><\/figure><\/div>\n\n\n<p class=\"has-text-align-left\">Le soir du 16 d\u00e9cembre le vaste hangar \u00e0 la Bernoise, contenant d&rsquo;\u00e9normes quantit\u00e9s de foin, de paille et de c\u00e9r\u00e9ales non encore battues, est d\u00e9truit par le feu. L&rsquo;\u00e9curie attenante a \u00e9galement \u00e9t\u00e9 consum\u00e9e. Les 20 g\u00e9nisses ont pu \u00eatre sauv\u00e9es \u00ab\u00a0in extremis\u00a0\u00bb Achat d&rsquo;une moissonneuse-batteuse \u00ab\u00a0BRAUD\u00a0\u00bb pour r\u00e9colter colza, c\u00e9r\u00e9ales et ma\u00efs grain.<\/p>\n\n\n\n<p class=\"has-text-align-left\"><strong><span style=\"font-size: large;\">1970<\/span><\/strong><\/p>\n\n\n\n<p class=\"has-text-align-left\">Partage de la hoirie Keller, les enfants de Jean Fritz Keller (1908)&nbsp;sont int\u00e9ress\u00e9s par la partie sup\u00e9rieure du domaine de 72 ha comprenant les b\u00e2timents pour ces deux fils Werner et Paul. Les autres h\u00e9ritiers vendent leur part aux cultures mara\u00eech\u00e8res SGG, Chi\u00e9tres. Semis de colza et de c\u00e9r\u00e9ales d&rsquo;automne pour le nouveau propri\u00e9taire.<\/p>\n\n\n\n<p class=\"has-text-align-left\"><strong><span style=\"font-size: large;\">1971<\/span><\/strong><\/p>\n\n\n\n<p class=\"has-text-align-left\">A nouvel an, le domaine \u00ab\u00a0Ferme Osmon\u00a0\u00bb ou \u00ab\u00a0Domaine SGG Bavois\u00a0\u00bb devient \u00ab\u00a0La Bernoise\u00a0\u00bb. Il est exploit\u00e9 par Keller fr\u00e8res, \u00ab\u00a0La Bernoise\u00a0\u00bb Orny, pp Bavois. L&rsquo;exploitation s&rsquo;oriente sur&nbsp; l&rsquo;engraissement de gros b\u00e9tail et des cultures de ma\u00efs, c\u00e9r\u00e9ales et colza. Un inventaire de machines et fourrages est repris des cultures mara\u00eech\u00e8res de Bavois. Le cheptel contient 27 boeufs \u00e0 l&rsquo;engrais. Les b\u00e2timents sont dans un mauvais \u00e9tat. Le printemps s&rsquo;annonce rude! Des gels tardifs d\u00e9truisent la plupart des c\u00e9r\u00e9ales sem\u00e9es; le mauvais \u00e9tat des dra\u00eenages des ann\u00e9es 1940 laissent stagner l&rsquo;eau dans les champs. Le 1er avril, Werner Keller-Reusser quitte, avec sa famille, \u00ab\u00a0La Bernoise\u00a0\u00bb et s&rsquo;engage chez Eric Schweizer semences SA \u00e0 Thoune. Le domaine est ensuite travaill\u00e9 par Paul et Claire Keller avec deux employ\u00e9s mari\u00e9s. Il se modernise et s&rsquo;agrandit en cheptel: 180 taureaux. Des travaux de drainages am\u00e9liorent les r\u00e9coltes et le travail. Le propri\u00e9taire Fritz Keller fait d&rsquo;\u00e9normes efforts financiers pour l&rsquo;achat de mat\u00e9riel agricole et la r\u00e9novation des b\u00e2timents.<\/p>\n\n\n\n<p class=\"has-text-align-left\"><strong><span style=\"font-size: large;\">1977<\/span><\/strong><\/p>\n\n\n\n<p class=\"has-text-align-left\">Paul Keller devient fermier. Importants travaux d&rsquo;assainissement sans subside sont entrepris sur la partie haut du domaine par le propri\u00e9taire Fritz Keller. Le canal d&rsquo;Entreroches et le Christallin sont reconstruits et servent comme \u00e9vacuateurs des grandes eaux. 7 km de drainages sont pos\u00e9s par la maison Zmoos. Construction d&rsquo;un silo \u00e0 fourrage de 930 m3. L&rsquo;argent d\u00fb pour le fermage et les int\u00e9r\u00eats de la dette pour le capital fermier sont pour la plupart g\u00e9n\u00e9reusement r\u00e9investis dans le domaine par le p\u00e8re de Paul. L&rsquo;agriculture suisse est orient\u00e9e sur la production et bat son plein.<\/p>\n\n\n<div class=\"wp-block-image\">\n<figure class=\"alignright\"><img loading=\"lazy\" decoding=\"async\" width=\"300\" height=\"208\" src=\"http:\/\/www.labernoise.ch\/keller\/wp-content\/uploads\/silo-Gascoigne-300x208.jpg\" alt=\"\" class=\"wp-image-357\" title=\"silo Gascoigne\" srcset=\"https:\/\/www.labernoise.ch\/keller\/wp-content\/uploads\/silo-Gascoigne-300x208.jpg 300w, https:\/\/www.labernoise.ch\/keller\/wp-content\/uploads\/silo-Gascoigne.jpg 993w\" sizes=\"(max-width: 300px) 100vw, 300px\" \/><\/figure><\/div>\n\n<div class=\"wp-block-image\">\n<figure class=\"alignleft\"><img loading=\"lazy\" decoding=\"async\" width=\"193\" height=\"300\" src=\"http:\/\/www.labernoise.ch\/keller\/wp-content\/uploads\/Zmoss-dra\u00eenage-3-193x300.jpg\" alt=\"\" class=\"wp-image-474\" title=\"Zmoss dra\u00eenage 3\" srcset=\"https:\/\/www.labernoise.ch\/keller\/wp-content\/uploads\/Zmoss-dra\u00eenage-3-193x300.jpg 193w, https:\/\/www.labernoise.ch\/keller\/wp-content\/uploads\/Zmoss-dra\u00eenage-3.jpg 640w\" sizes=\"(max-width: 193px) 100vw, 193px\" \/><\/figure><\/div>\n\n\n<p class=\"has-text-align-left\"><strong> <\/strong><\/p>\n\n\n\n<p class=\"has-text-align-left\"><span style=\"font-size: large;\"><span style=\"font-size: small;\">D\u00e9part pour pose drain dans collecteur<\/span><\/span><\/p>\n\n\n\n<p class=\"has-text-align-left\"><span style=\"font-size: large;\"><span style=\"font-size: small;\">canal d&rsquo;Entreroches <\/span> <\/span><\/p>\n\n\n\n<p class=\"has-text-align-right\"><span style=\"font-size: small;\">Construction silo Gascoigne<\/span><\/p>\n\n\n\n<p class=\"has-text-align-right\"><span style=\"font-size: small;\">&nbsp;<\/span><\/p>\n\n\n<div class=\"wp-block-image\">\n<figure class=\"alignleft\"><img loading=\"lazy\" decoding=\"async\" width=\"300\" height=\"203\" src=\"http:\/\/www.labernoise.ch\/keller\/wp-content\/uploads\/Zmoss-dra\u00eenage-2-300x203.jpg\" alt=\"\" class=\"wp-image-478\" title=\"Zmoss dra\u00eenage 2\" srcset=\"https:\/\/www.labernoise.ch\/keller\/wp-content\/uploads\/Zmoss-dra\u00eenage-2-300x203.jpg 300w, https:\/\/www.labernoise.ch\/keller\/wp-content\/uploads\/Zmoss-dra\u00eenage-2.jpg 999w\" sizes=\"(max-width: 300px) 100vw, 300px\" \/><\/figure><\/div>\n\n\n<p><strong><span style=\"font-size: large;\"> <\/span><\/strong><\/p>\n\n\n<div class=\"wp-block-image\">\n<figure class=\"alignleft\"><img loading=\"lazy\" decoding=\"async\" width=\"300\" height=\"199\" src=\"http:\/\/www.labernoise.ch\/keller\/wp-content\/uploads\/Zmoss-dra\u00eenage-300x199.jpg\" alt=\"\" class=\"wp-image-475\" title=\"Zmoss dra\u00eenage\" srcset=\"https:\/\/www.labernoise.ch\/keller\/wp-content\/uploads\/Zmoss-dra\u00eenage-300x199.jpg 300w, https:\/\/www.labernoise.ch\/keller\/wp-content\/uploads\/Zmoss-dra\u00eenage-1024x680.jpg 1024w, https:\/\/www.labernoise.ch\/keller\/wp-content\/uploads\/Zmoss-dra\u00eenage.jpg 1070w\" sizes=\"(max-width: 300px) 100vw, 300px\" \/><\/figure><\/div>\n\n\n<p class=\"has-text-align-left\"><strong><span style=\"font-size: large;\"> <\/span><\/strong><\/p>\n\n\n\n<p class=\"has-text-align-left\"><span style=\"font-size: small;\">Pose de drainage&nbsp; 80 mm&nbsp;diam. par ZMOSS SA<\/span><\/p>\n\n\n\n<p class=\"has-text-align-left\"><span style=\"font-size: small;\">&nbsp;<\/span><\/p>\n\n\n\n<p class=\"has-text-align-left\"><span style=\"font-size: small;\">&nbsp;<\/span><\/p>\n\n\n\n<p class=\"has-text-align-left\"><strong><span style=\"font-size: large;\">1986<\/span><\/strong><\/p>\n\n\n<div class=\"wp-block-image\">\n<figure class=\"alignleft\"><img loading=\"lazy\" decoding=\"async\" width=\"212\" height=\"300\" src=\"http:\/\/www.labernoise.ch\/keller\/wp-content\/uploads\/Silo-Harvestore-212x300.jpg\" alt=\"\" class=\"wp-image-360\" title=\"Silo Harvestore\" srcset=\"https:\/\/www.labernoise.ch\/keller\/wp-content\/uploads\/Silo-Harvestore-212x300.jpg 212w, https:\/\/www.labernoise.ch\/keller\/wp-content\/uploads\/Silo-Harvestore.jpg 667w\" sizes=\"(max-width: 212px) 100vw, 212px\" \/><\/figure><\/div>\n\n\n<p class=\"has-text-align-right\"><\/p>\n\n\n\n<p class=\"has-text-align-left\">Le 13 d\u00e9cembre Fritz Keller remet devant le notaire J-L Giroud \u00e0 son fils Paul le domaine \u00ab\u00a0La Bernoise\u00a0\u00bb. Par la construction d&rsquo;une nouvelle \u00e9curie et d&rsquo;un silo Harvestore de 640 m3 le cheptel atteind son maximum de 300 taureaux \u00e0 l&rsquo;engrais. Un projet de drainage par pompage pour le secteur Lilan se planifie et se r\u00e9alise par \u00e9tapes. Le bon prix du b\u00e9tail de &nbsp;boucherie permet le financement de cet assainissement n\u00e9cessaire.<\/p>\n\n\n\n<p class=\"has-text-align-left\"><strong><span style=\"font-size: large;\">1999<\/span><\/strong><\/p>\n\n\n\n<p class=\"has-text-align-left\">Cr\u00e9ation d&rsquo;une soci\u00e9t\u00e9 simple \u00ab\u00a0P\u00e8re-fils\u00a0\u00bb entre Paul Keller et son fils Daniel Keller-Gfeller. Surproducion des produits agricoles, stagnation des prix, introduction de la production int\u00e9gr\u00e9e, contributions par des paiements directs. L&rsquo;agriculteur &nbsp;perd sa libert\u00e9!<\/p>\n\n\n\n<p class=\"has-text-align-left\"><strong><span style=\"font-size: large;\">2005<\/span><\/strong><\/p>\n\n\n\n<p class=\"has-text-align-left\">Le 26 mai Paul Keller (1946) remet devant le notaire R.Ramoni \u00e0 son fils Daniel (1975) le domaine \u00ab\u00a0La Bernoise\u00a0\u00bb , retroactif au 1er janvier 2005. Entreroches restant propri\u00e9t\u00e9 de Paul et Claire Keller. Paul Keller devient employ\u00e9 de son fils jusqu&rsquo;au 31 d\u00e9cembre 2009, date \u00e0 laquelle il se retire du domaine.<\/p>\n\n\n<div class=\"wp-block-image\">\n<figure class=\"aligncenter\"><img loading=\"lazy\" decoding=\"async\" width=\"1024\" height=\"480\" src=\"https:\/\/www.labernoise.ch\/keller\/wp-content\/uploads\/DSC00166-1280x600_c-opt-1024x480.jpg\" alt=\"\" class=\"wp-image-1623\" srcset=\"https:\/\/www.labernoise.ch\/keller\/wp-content\/uploads\/DSC00166-1280x600_c-opt-1024x480.jpg 1024w, https:\/\/www.labernoise.ch\/keller\/wp-content\/uploads\/DSC00166-1280x600_c-opt-300x141.jpg 300w, https:\/\/www.labernoise.ch\/keller\/wp-content\/uploads\/DSC00166-1280x600_c-opt-768x360.jpg 768w, https:\/\/www.labernoise.ch\/keller\/wp-content\/uploads\/DSC00166-1280x600_c-opt.jpg 1280w\" sizes=\"(max-width: 1024px) 100vw, 1024px\" \/><\/figure><\/div>\n\n\n<p><strong>2011<\/strong><\/p>\n\n\n\n<p>D\u00e9but de la culture de betterave sucri\u00e8res<\/p>\n\n\n\n<p><strong>2013<\/strong><\/p>\n\n\n\n<p>R\u00e9novation compl\u00e8te de la stabulation<\/p>\n\n\n\n<p><strong>2015<\/strong><\/p>\n\n\n\n<p>D\u00e9montage et remontage d\u2019un silo tour Harvestore.<\/p>\n\n\n\n<p><strong>2016<\/strong><\/p>\n\n\n\n<p>D\u00e9but de l\u2019autoguidage GPS.<\/p>\n\n\n\n<div class=\"wp-block-columns is-layout-flex wp-container-core-columns-is-layout-2 wp-block-columns-is-layout-flex\">\n<div class=\"wp-block-column is-layout-flow wp-block-column-is-layout-flow\" style=\"flex-basis:100%\">\n<p><strong>2018<\/strong><\/p>\n\n\n\n<div class=\"wp-block-columns is-layout-flex wp-container-core-columns-is-layout-1 wp-block-columns-is-layout-flex\">\n<div class=\"wp-block-column is-layout-flow wp-block-column-is-layout-flow\">\n<p>D\u00e9but de la production de carottes pour Stoll.<\/p>\n<\/div>\n\n\n\n<div class=\"wp-block-column is-layout-flow wp-block-column-is-layout-flow\">\n<figure class=\"wp-block-image size-large\"><img loading=\"lazy\" decoding=\"async\" width=\"1024\" height=\"485\" src=\"https:\/\/www.labernoise.ch\/keller\/wp-content\/uploads\/20200930_153041-1024x485.jpg\" alt=\"\" class=\"wp-image-1959\" srcset=\"https:\/\/www.labernoise.ch\/keller\/wp-content\/uploads\/20200930_153041-1024x485.jpg 1024w, https:\/\/www.labernoise.ch\/keller\/wp-content\/uploads\/20200930_153041-300x142.jpg 300w, https:\/\/www.labernoise.ch\/keller\/wp-content\/uploads\/20200930_153041-768x363.jpg 768w\" sizes=\"(max-width: 1024px) 100vw, 1024px\" \/><\/figure>\n<\/div>\n<\/div>\n<\/div>\n<\/div>\n\n\n\n<p><strong>2020<\/strong><\/p>\n\n\n<div class=\"wp-block-image\">\n<figure class=\"alignright size-large is-resized\"><img loading=\"lazy\" decoding=\"async\" width=\"1024\" height=\"575\" src=\"https:\/\/www.labernoise.ch\/keller\/wp-content\/uploads\/IMG_0024-1024x575.jpg\" alt=\"\" class=\"wp-image-2033\" style=\"width:381px;height:214px\" srcset=\"https:\/\/www.labernoise.ch\/keller\/wp-content\/uploads\/IMG_0024-1024x575.jpg 1024w, https:\/\/www.labernoise.ch\/keller\/wp-content\/uploads\/IMG_0024-300x168.jpg 300w, https:\/\/www.labernoise.ch\/keller\/wp-content\/uploads\/IMG_0024-768x431.jpg 768w, https:\/\/www.labernoise.ch\/keller\/wp-content\/uploads\/IMG_0024-1536x862.jpg 1536w, https:\/\/www.labernoise.ch\/keller\/wp-content\/uploads\/IMG_0024.jpg 2048w\" sizes=\"(max-width: 1024px) 100vw, 1024px\" \/><\/figure><\/div>\n\n\n<p>D\u00e9but de collaboration de la 5\u00e8me g\u00e9n\u00e9ration, Luca continue les \u00e9tudes de brevet en parall\u00e8le.<\/p>\n\n\n\n<p><strong>2021<\/strong><\/p>\n\n\n\n<p>Important travaux de drainage avec l\u2019entreprise Zmoos.<\/p>\n\n\n\n<p><\/p>\n\n\n\n<p><strong>2022<\/strong><\/p>\n\n\n\n<p>D\u00e9but de la culture de pomme de terre ainsi que d\u2019important travaux de drainage<\/p>\n\n\n\n<p><strong>2023<\/strong><\/p>\n\n\n\n<p>Luca r\u00e9ussi avec succ\u00e8s son Brevet agricole. D\u00e9sormais, l\u2019entreprise \u00ab&nbsp;Ferme la Bernoise&nbsp;\u00bb peut former et accueillir des apprentis agricoles.<\/p>\n\n\n<div class=\"wp-block-image\">\n<figure class=\"aligncenter\"><img loading=\"lazy\" decoding=\"async\" width=\"1024\" height=\"576\" src=\"https:\/\/www.labernoise.ch\/keller\/wp-content\/uploads\/CCF3247E-5558-4D88-9576-30D31818AF0F-1024x576.jpeg\" alt=\"\" class=\"wp-image-2002\" title=\"Ferme en 2005\" srcset=\"https:\/\/www.labernoise.ch\/keller\/wp-content\/uploads\/CCF3247E-5558-4D88-9576-30D31818AF0F-1024x576.jpeg 1024w, https:\/\/www.labernoise.ch\/keller\/wp-content\/uploads\/CCF3247E-5558-4D88-9576-30D31818AF0F-300x169.jpeg 300w, https:\/\/www.labernoise.ch\/keller\/wp-content\/uploads\/CCF3247E-5558-4D88-9576-30D31818AF0F-768x432.jpeg 768w, https:\/\/www.labernoise.ch\/keller\/wp-content\/uploads\/CCF3247E-5558-4D88-9576-30D31818AF0F-1536x864.jpeg 1536w, https:\/\/www.labernoise.ch\/keller\/wp-content\/uploads\/CCF3247E-5558-4D88-9576-30D31818AF0F-2048x1152.jpeg 2048w\" sizes=\"(max-width: 1024px) 100vw, 1024px\" \/><\/figure><\/div>\n\n\n<p><strong>2024<\/strong><\/p>\n\n\n\n<p>Arr\u00eat du sevrage des veaux dans nos locaux. Achats de veaux d\u00e9j\u00e0 sevr\u00e9s d\u2019environ 200kg<\/p>\n\n\n\n<p>Rachat de la moissonneuse batteuse \u00e0 la Soci\u00e9t\u00e9 du Battoir d\u2019Orny<\/p>\n\n\n\n<p>D\u00e9molition de la porcherie et construction d\u2019un hangar comportant un atelier m\u00e9canique et une cellule frigorifique d\u2019une capacit\u00e9 de 600t, le tout couvert avec des panneaux solaires.<\/p>\n\n\n\n<div class=\"wp-block-columns is-layout-flex wp-container-core-columns-is-layout-3 wp-block-columns-is-layout-flex\">\n<div class=\"wp-block-column is-layout-flow wp-block-column-is-layout-flow\">\n<figure class=\"wp-block-image size-large is-resized\"><img loading=\"lazy\" decoding=\"async\" width=\"1024\" height=\"768\" src=\"https:\/\/www.labernoise.ch\/keller\/wp-content\/uploads\/20240108_163339-1024x768.jpg\" alt=\"\" class=\"wp-image-2224\" style=\"width:333px;height:auto\" srcset=\"https:\/\/www.labernoise.ch\/keller\/wp-content\/uploads\/20240108_163339-1024x768.jpg 1024w, https:\/\/www.labernoise.ch\/keller\/wp-content\/uploads\/20240108_163339-300x225.jpg 300w, https:\/\/www.labernoise.ch\/keller\/wp-content\/uploads\/20240108_163339-768x576.jpg 768w, https:\/\/www.labernoise.ch\/keller\/wp-content\/uploads\/20240108_163339-1536x1152.jpg 1536w, https:\/\/www.labernoise.ch\/keller\/wp-content\/uploads\/20240108_163339-2048x1536.jpg 2048w\" sizes=\"(max-width: 1024px) 100vw, 1024px\" \/><\/figure>\n<\/div>\n\n\n\n<div class=\"wp-block-column is-layout-flow wp-block-column-is-layout-flow\"><div class=\"wp-block-image\">\n<figure class=\"aligncenter size-large is-resized\"><img loading=\"lazy\" decoding=\"async\" width=\"1024\" height=\"576\" src=\"https:\/\/www.labernoise.ch\/keller\/wp-content\/uploads\/IMG_0449-1024x576.jpg\" alt=\"\" class=\"wp-image-2134\" style=\"width:512px;height:auto\" srcset=\"https:\/\/www.labernoise.ch\/keller\/wp-content\/uploads\/IMG_0449-1024x576.jpg 1024w, https:\/\/www.labernoise.ch\/keller\/wp-content\/uploads\/IMG_0449-300x169.jpg 300w, https:\/\/www.labernoise.ch\/keller\/wp-content\/uploads\/IMG_0449-768x432.jpg 768w, https:\/\/www.labernoise.ch\/keller\/wp-content\/uploads\/IMG_0449-1536x864.jpg 1536w, https:\/\/www.labernoise.ch\/keller\/wp-content\/uploads\/IMG_0449-2048x1152.jpg 2048w\" sizes=\"(max-width: 1024px) 100vw, 1024px\" \/><\/figure><\/div><\/div>\n<\/div>\n\n\n\n<div class=\"wp-block-buttons is-layout-flex wp-block-buttons-is-layout-flex\">\n<div class=\"wp-block-button\"><a class=\"wp-block-button__link wp-element-button\" href=\"https:\/\/youtu.be\/qIrrw7Zk-EA?si=B3n-cMMgeubDUrhI\">D\u00e9molition porcherie<\/a><\/div>\n<\/div>\n","protected":false},"excerpt":{"rendered":"<p>\u00ab\u00a0la Bernoise\u00a0\u00bb, Commune d&rsquo;Orny 1936 Jean Keller (1882) acquit le 3 juillet 1936 pour son deuxi\u00e8me fils les terrains de l&rsquo;entreprise Osmon SA, qui exploitait la tourbe sur les communes d&rsquo;Orny, Pompaples et Bavois pendant la premi\u00e8re guerre mondiale. Ces terres \u00e9taient travaill\u00e9es sous le nom \u00ab\u00a0Ferme Osmon\u00a0\u00bb, Bavois, Jean- Pierre Keller. Ce travail concernait [&hellip;]<\/p>\n","protected":false},"author":1,"featured_media":0,"parent":0,"menu_order":10,"comment_status":"closed","ping_status":"open","template":"","meta":{"_genesis_hide_title":false,"_genesis_hide_breadcrumbs":false,"_genesis_hide_singular_image":false,"_genesis_hide_footer_widgets":false,"_genesis_custom_body_class":"","_genesis_custom_post_class":"","_genesis_layout":"","footnotes":""},"_links":{"self":[{"href":"https:\/\/www.labernoise.ch\/keller\/wp-json\/wp\/v2\/pages\/2"}],"collection":[{"href":"https:\/\/www.labernoise.ch\/keller\/wp-json\/wp\/v2\/pages"}],"about":[{"href":"https:\/\/www.labernoise.ch\/keller\/wp-json\/wp\/v2\/types\/page"}],"author":[{"embeddable":true,"href":"https:\/\/www.labernoise.ch\/keller\/wp-json\/wp\/v2\/users\/1"}],"replies":[{"embeddable":true,"href":"https:\/\/www.labernoise.ch\/keller\/wp-json\/wp\/v2\/comments?post=2"}],"version-history":[{"count":131,"href":"https:\/\/www.labernoise.ch\/keller\/wp-json\/wp\/v2\/pages\/2\/revisions"}],"predecessor-version":[{"id":2225,"href":"https:\/\/www.labernoise.ch\/keller\/wp-json\/wp\/v2\/pages\/2\/revisions\/2225"}],"wp:attachment":[{"href":"https:\/\/www.labernoise.ch\/keller\/wp-json\/wp\/v2\/media?parent=2"}],"curies":[{"name":"wp","href":"https:\/\/api.w.org\/{rel}","templated":true}]}}