{"id":2064,"date":"2024-01-14T14:04:55","date_gmt":"2024-01-14T12:04:55","guid":{"rendered":"https:\/\/www.labernoise.ch\/keller\/?page_id=2064"},"modified":"2024-12-28T16:30:34","modified_gmt":"2024-12-28T14:30:34","slug":"battage","status":"publish","type":"page","link":"https:\/\/www.labernoise.ch\/keller\/battage\/","title":{"rendered":"Battage"},"content":{"rendered":"\n<p><\/p>\n\n\n\n<p>Depuis 2024, nous avons repris la batteuse de la Soci\u00e9t\u00e9 du Battoir d\u2019Orny. <br><\/p>\n\n\n\n<p>Afin de vous satisfaire lors de vos r\u00e9coltes de c\u00e9r\u00e9ales, colza, pois, ma\u00efs, tournesol, etc\u2026nous avons opt\u00e9 pour une \u00ab\u00a0petite \u00bb machine, compacte et \u00ab\u00a0l\u00e9g\u00e8re\u00a0\u00bb. Avec son train de chenille avant et ses roues jumel\u00e9es arri\u00e8res, nous pouvons r\u00e9colter dans des conditions vraiment difficiles. La machine est \u00e9quip\u00e9e du 4&#215;4 ainsi que du contr\u00f4le de d\u00e9vers. Sa barre de coupe \u00e0 tapis Premium Flow de 6,7m permet d\u2019alimenter la machine r\u00e9guli\u00e8rement tout en travaillant proprement dans les conditions difficiles (verser), sans perte mais surtout avec un d\u00e9bit de chantier plus \u00e9lev\u00e9. Pour gagner du temps de s\u00e9chage de la paille, nous vous proposons d\u2019\u00e9parpiller l\u2019andain de paille sur une largeur de 3m environ, il vous suffira juste d\u2019un seul passage d\u2019andaineur avant de botteler.<\/p>\n\n\n\n<ul>\n<li>John Deere T560 4&#215;4, Hillmaster, \u00e9parpilleur \u00e0 paille, GPS<\/li>\n\n\n\n<li>Z\u00fcrn Premium Flow 6,7m, alimentation avec un tapis, double cisaille <\/li>\n\n\n\n<li>Olimac Drago 5 rangs 75cm<\/li>\n\n\n\n<li>Grand pneumatique avant, chenilles, roues jumell\u00e9es arri\u00e8res<\/li>\n\n\n\n<li>Location d\u2019un cueilleur Fantini 5m tournesol<\/li>\n<\/ul>\n\n\n\n<div class=\"wp-block-columns is-layout-flex wp-container-core-columns-is-layout-2 wp-block-columns-is-layout-flex\">\n<div class=\"wp-block-column is-layout-flow wp-block-column-is-layout-flow\">\n<div class=\"wp-block-columns is-layout-flex wp-container-core-columns-is-layout-1 wp-block-columns-is-layout-flex\">\n<div class=\"wp-block-column is-layout-flow wp-block-column-is-layout-flow\" style=\"flex-basis:66.66%\">\n<ul>\n<li>John Deere T560 4&#215;4, Hillmaster, \u00e9parpilleur \u00e0 paille, GPS<\/li>\n\n\n\n<li>Z\u00fcrn Premium Flow 6,7m, alimentation avec un tapis, double cisaille <\/li>\n\n\n\n<li>Olimac Drago 5 rangs 75cm<\/li>\n\n\n\n<li>Grand pneumatique avant, chenilles, roues jumell\u00e9es arri\u00e8res<\/li>\n\n\n\n<li>Location d\u2019un cueilleur Fantini 5m tournesol<\/li>\n<\/ul>\n<\/div>\n\n\n\n<div class=\"wp-block-column is-layout-flow wp-block-column-is-layout-flow\" style=\"flex-basis:33.33%\">\n<figure class=\"wp-block-image size-large is-resized\"><img loading=\"lazy\" decoding=\"async\" width=\"768\" height=\"1024\" src=\"https:\/\/www.labernoise.ch\/keller\/wp-content\/uploads\/20240725_161827-768x1024.jpg\" alt=\"\" class=\"wp-image-2130\" style=\"width:214px;height:auto\" srcset=\"https:\/\/www.labernoise.ch\/keller\/wp-content\/uploads\/20240725_161827-768x1024.jpg 768w, https:\/\/www.labernoise.ch\/keller\/wp-content\/uploads\/20240725_161827-225x300.jpg 225w, https:\/\/www.labernoise.ch\/keller\/wp-content\/uploads\/20240725_161827-1152x1536.jpg 1152w, https:\/\/www.labernoise.ch\/keller\/wp-content\/uploads\/20240725_161827-1536x2048.jpg 1536w, https:\/\/www.labernoise.ch\/keller\/wp-content\/uploads\/20240725_161827-scaled.jpg 1920w\" sizes=\"(max-width: 768px) 100vw, 768px\" \/><\/figure>\n<\/div>\n<\/div>\n<\/div>\n<\/div>\n\n\n\n<p>L\u2019\u00e9chantillonnage avec la \u00ab&nbsp;Minibat&nbsp;\u00bb et le testeur d\u2019humidit\u00e9 peuvent \u00eatre utilis\u00e9s en amont du battage. Un service de benne peut aussi vous \u00eatre propos\u00e9 afin de pouvoir mieux vous organis\u00e9 entre la r\u00e9colte et  la livraison de celle-ci.<\/p>\n\n\n\n<p>Sur demande, nous faisons aussi le transport avec nos bennes\/conteneurs.<\/p>\n\n\n\n<div class=\"wp-block-soliloquy-soliloquywp\"><div aria-live=\"polite\" id=\"soliloquy-container-2228\" class=\"soliloquy-container soliloquy-transition-fade  soliloquy-theme-classic\" style=\"max-width:1200px;max-height:800px;\"><ul id=\"soliloquy-2228\" class=\"soliloquy-slider soliloquy-slides soliloquy-wrap soliloquy-clear\"><li aria-hidden=\"true\" class=\"soliloquy-item soliloquy-item-1 soliloquy-image-slide\" draggable=\"false\" style=\"list-style:none\"><img decoding=\"async\" id=\"soliloquy-image-2130\" class=\"soliloquy-image soliloquy-image-1\" src=\"https:\/\/www.labernoise.ch\/keller\/wp-content\/uploads\/20240725_161827-scaled-1200x800_c.jpg\" alt=\"20240725_161827\" \/><\/li><li aria-hidden=\"true\" class=\"soliloquy-item soliloquy-item-2 soliloquy-image-slide\" draggable=\"false\" style=\"list-style:none\"><img decoding=\"async\" id=\"soliloquy-image-2229\" class=\"soliloquy-image soliloquy-image-2\" src=\"https:\/\/www.labernoise.ch\/keller\/wp-content\/uploads\/20240715_145525-scaled-1200x800_c.jpg\" alt=\"20240715_145525\" \/><\/li><li aria-hidden=\"true\" class=\"soliloquy-item soliloquy-item-3 soliloquy-image-slide\" draggable=\"false\" style=\"list-style:none\"><img decoding=\"async\" id=\"soliloquy-image-2231\" class=\"soliloquy-image soliloquy-image-3\" src=\"https:\/\/www.labernoise.ch\/keller\/wp-content\/uploads\/20240725_161907-scaled-1200x800_c.jpg\" alt=\"20240725_161907\" \/><\/li><li aria-hidden=\"true\" class=\"soliloquy-item soliloquy-item-4 soliloquy-image-slide\" draggable=\"false\" style=\"list-style:none\"><img decoding=\"async\" id=\"soliloquy-image-2071\" class=\"soliloquy-image soliloquy-image-4\" src=\"https:\/\/www.labernoise.ch\/keller\/wp-content\/uploads\/20230710_195019-scaled-1200x800_c.jpeg\" alt=\"20230710_195019\" \/><\/li><li aria-hidden=\"true\" class=\"soliloquy-item soliloquy-item-5 soliloquy-image-slide\" draggable=\"false\" style=\"list-style:none\"><img decoding=\"async\" id=\"soliloquy-image-1962\" class=\"soliloquy-image soliloquy-image-5\" src=\"https:\/\/www.labernoise.ch\/keller\/wp-content\/uploads\/20210722_134012-1200x800_c.jpg\" alt=\"20210722_134012\" \/><\/li><li aria-hidden=\"true\" class=\"soliloquy-item soliloquy-item-6 soliloquy-image-slide\" draggable=\"false\" style=\"list-style:none\"><img decoding=\"async\" id=\"soliloquy-image-1961\" class=\"soliloquy-image soliloquy-image-6\" src=\"https:\/\/www.labernoise.ch\/keller\/wp-content\/uploads\/20210730_170111-1200x800_c.jpg\" alt=\"20210730_170111\" \/><\/li><li aria-hidden=\"true\" class=\"soliloquy-item soliloquy-item-7 soliloquy-image-slide\" draggable=\"false\" style=\"list-style:none\"><img decoding=\"async\" id=\"soliloquy-image-2232\" class=\"soliloquy-image soliloquy-image-7\" src=\"https:\/\/www.labernoise.ch\/keller\/wp-content\/uploads\/IMG-20240706-WA0003-1200x800_c.jpg\" alt=\"IMG-20240706-WA0003\" \/><\/li><li aria-hidden=\"true\" class=\"soliloquy-item soliloquy-item-8 soliloquy-image-slide\" draggable=\"false\" style=\"list-style:none\"><img decoding=\"async\" id=\"soliloquy-image-2233\" class=\"soliloquy-image soliloquy-image-8\" src=\"https:\/\/www.labernoise.ch\/keller\/wp-content\/uploads\/IMG-20240706-WA0002-1200x800_c.jpg\" alt=\"IMG-20240706-WA0002\" \/><\/li><li aria-hidden=\"true\" class=\"soliloquy-item soliloquy-item-9 soliloquy-image-slide\" draggable=\"false\" style=\"list-style:none\"><img decoding=\"async\" id=\"soliloquy-image-1750\" class=\"soliloquy-image soliloquy-image-9\" src=\"https:\/\/www.labernoise.ch\/keller\/wp-content\/uploads\/IMG-20171019-WA0001-1200x800_c.jpg\" alt=\"IMG-20171019-WA0001\" \/><\/li><li aria-hidden=\"true\" class=\"soliloquy-item soliloquy-item-10 soliloquy-image-slide\" draggable=\"false\" style=\"list-style:none\"><img decoding=\"async\" id=\"soliloquy-image-2234\" class=\"soliloquy-image soliloquy-image-10\" src=\"https:\/\/www.labernoise.ch\/keller\/wp-content\/uploads\/IMG-20181022-WA0001-1200x800_c.jpg\" alt=\"IMG-20181022-WA0001\" \/><\/li><\/ul><\/div><noscript><style type=\"text\/css\">#soliloquy-container-2228{opacity:1}<\/style><\/noscript><\/div>\n","protected":false},"excerpt":{"rendered":"<p>Depuis 2024, nous avons repris la batteuse de la Soci\u00e9t\u00e9 du Battoir d\u2019Orny. Afin de vous satisfaire lors de vos r\u00e9coltes de c\u00e9r\u00e9ales, colza, pois, ma\u00efs, tournesol, etc\u2026nous avons opt\u00e9 pour une \u00ab\u00a0petite \u00bb machine, compacte et \u00ab\u00a0l\u00e9g\u00e8re\u00a0\u00bb. Avec son train de chenille avant et ses roues jumel\u00e9es arri\u00e8res, nous pouvons r\u00e9colter dans des conditions [&hellip;]<\/p>\n","protected":false},"author":2,"featured_media":0,"parent":0,"menu_order":0,"comment_status":"closed","ping_status":"closed","template":"","meta":{"_genesis_hide_title":false,"_genesis_hide_breadcrumbs":false,"_genesis_hide_singular_image":false,"_genesis_hide_footer_widgets":false,"_genesis_custom_body_class":"","_genesis_custom_post_class":"","_genesis_layout":"","footnotes":""},"_links":{"self":[{"href":"https:\/\/www.labernoise.ch\/keller\/wp-json\/wp\/v2\/pages\/2064"}],"collection":[{"href":"https:\/\/www.labernoise.ch\/keller\/wp-json\/wp\/v2\/pages"}],"about":[{"href":"https:\/\/www.labernoise.ch\/keller\/wp-json\/wp\/v2\/types\/page"}],"author":[{"embeddable":true,"href":"https:\/\/www.labernoise.ch\/keller\/wp-json\/wp\/v2\/users\/2"}],"replies":[{"embeddable":true,"href":"https:\/\/www.labernoise.ch\/keller\/wp-json\/wp\/v2\/comments?post=2064"}],"version-history":[{"count":7,"href":"https:\/\/www.labernoise.ch\/keller\/wp-json\/wp\/v2\/pages\/2064\/revisions"}],"predecessor-version":[{"id":2239,"href":"https:\/\/www.labernoise.ch\/keller\/wp-json\/wp\/v2\/pages\/2064\/revisions\/2239"}],"wp:attachment":[{"href":"https:\/\/www.labernoise.ch\/keller\/wp-json\/wp\/v2\/media?parent=2064"}],"curies":[{"name":"wp","href":"https:\/\/api.w.org\/{rel}","templated":true}]}}