{"id":607,"date":"2010-12-19T13:24:41","date_gmt":"2010-12-19T13:24:41","guid":{"rendered":"http:\/\/www.labernoise.ch\/keller\/?page_id=607"},"modified":"2024-12-28T16:55:58","modified_gmt":"2024-12-28T14:55:58","slug":"ensilage-mais","status":"publish","type":"page","link":"https:\/\/www.labernoise.ch\/keller\/travaux-pour-tiers\/ensilage-mais\/","title":{"rendered":"Ensilage ma\u00efs"},"content":{"rendered":"<p><img loading=\"lazy\" decoding=\"async\" class=\"aligncenter wp-image-1880 size-large\" title=\"Soufleur + moteur FORD\" src=\"https:\/\/www.labernoise.ch\/keller\/wp-content\/uploads\/20200921_132256-1024x485.jpg\" alt=\"\" width=\"1024\" height=\"485\" srcset=\"https:\/\/www.labernoise.ch\/keller\/wp-content\/uploads\/20200921_132256-1024x485.jpg 1024w, https:\/\/www.labernoise.ch\/keller\/wp-content\/uploads\/20200921_132256-300x142.jpg 300w, https:\/\/www.labernoise.ch\/keller\/wp-content\/uploads\/20200921_132256-768x364.jpg 768w\" sizes=\"(max-width: 1024px) 100vw, 1024px\" \/><\/p>\n<p><strong>\u00c9quipement machines:<\/strong><\/p>\n<ul>\n<li>Remorques 30 m3 Fliegl, doseur stationnaire,\u00a0 souffleur Dion, moteur stationnaire.<\/li>\n<li>Automotrice JD 7280, \u00e9clateur \u00e0 grains Kernelstar, coupe exacte, kemper 4.5 m.plante enti\u00e8re, 5 rangs \u00e9pis complet (CCM), pick-up herbe 3.0 m.<\/li>\n<li>R\u00e9colte aussi possible pour du semis \u00e0 50 cm interligne! (Plante enti\u00e8re et CCM).<strong><span style=\"font-size: small;\"><br \/><\/span><\/strong><\/li>\n<\/ul>\n\n\n<div class=\"wp-block-soliloquy-soliloquywp\"><div aria-live=\"polite\" id=\"soliloquy-container-2256\" class=\"soliloquy-container soliloquy-transition-fade  soliloquy-theme-base\" style=\"max-width:1200px;max-height:800px;\"><ul id=\"soliloquy-2256\" class=\"soliloquy-slider soliloquy-slides soliloquy-wrap soliloquy-clear\"><li aria-hidden=\"true\" class=\"soliloquy-item soliloquy-item-1 soliloquy-image-slide\" draggable=\"false\" style=\"list-style:none\"><img decoding=\"async\" id=\"soliloquy-image-2127\" class=\"soliloquy-image soliloquy-image-1\" src=\"https:\/\/www.labernoise.ch\/keller\/wp-content\/uploads\/20241003_140621-scaled-1200x800_c.jpg\" alt=\"20241003_140621\" \/><\/li><li aria-hidden=\"true\" class=\"soliloquy-item soliloquy-item-2 soliloquy-image-slide\" draggable=\"false\" style=\"list-style:none\"><img decoding=\"async\" id=\"soliloquy-image-2124\" class=\"soliloquy-image soliloquy-image-2\" src=\"https:\/\/www.labernoise.ch\/keller\/wp-content\/uploads\/20240425_195955-scaled-1200x800_c.jpg\" alt=\"20240425_195955\" \/><\/li><li aria-hidden=\"true\" class=\"soliloquy-item soliloquy-item-3 soliloquy-image-slide\" draggable=\"false\" style=\"list-style:none\"><img decoding=\"async\" id=\"soliloquy-image-2257\" class=\"soliloquy-image soliloquy-image-3\" src=\"https:\/\/www.labernoise.ch\/keller\/wp-content\/uploads\/20240425_200034-scaled-1200x800_c.jpg\" alt=\"20240425_200034\" \/><\/li><li aria-hidden=\"true\" class=\"soliloquy-item soliloquy-item-4 soliloquy-image-slide\" draggable=\"false\" style=\"list-style:none\"><img decoding=\"async\" id=\"soliloquy-image-1880\" class=\"soliloquy-image soliloquy-image-4\" src=\"https:\/\/www.labernoise.ch\/keller\/wp-content\/uploads\/20200921_132256-1200x800_c.jpg\" alt=\"20200921_132256\" \/><\/li><li aria-hidden=\"true\" class=\"soliloquy-item soliloquy-item-5 soliloquy-image-slide\" draggable=\"false\" style=\"list-style:none\"><img decoding=\"async\" id=\"soliloquy-image-1873\" class=\"soliloquy-image soliloquy-image-5\" src=\"https:\/\/www.labernoise.ch\/keller\/wp-content\/uploads\/Ensilage-2020-1200x800_c.jpg\" alt=\"Ensilage 2020\" \/><\/li><li aria-hidden=\"true\" class=\"soliloquy-item soliloquy-item-6 soliloquy-image-slide\" draggable=\"false\" style=\"list-style:none\"><img decoding=\"async\" id=\"soliloquy-image-2259\" class=\"soliloquy-image soliloquy-image-6\" src=\"https:\/\/www.labernoise.ch\/keller\/wp-content\/uploads\/20241003_103100-scaled-1200x800_c.jpg\" alt=\"20241003_103100\" \/><\/li><li aria-hidden=\"true\" class=\"soliloquy-item soliloquy-item-7 soliloquy-image-slide\" draggable=\"false\" style=\"list-style:none\"><img decoding=\"async\" id=\"soliloquy-image-2260\" class=\"soliloquy-image soliloquy-image-7\" src=\"https:\/\/www.labernoise.ch\/keller\/wp-content\/uploads\/IMG-20230505-WA0004-1200x800_c.jpg\" alt=\"IMG-20230505-WA0004\" \/><\/li><li aria-hidden=\"true\" class=\"soliloquy-item soliloquy-item-8 soliloquy-image-slide\" draggable=\"false\" style=\"list-style:none\"><img decoding=\"async\" id=\"soliloquy-image-2261\" class=\"soliloquy-image soliloquy-image-8\" src=\"https:\/\/www.labernoise.ch\/keller\/wp-content\/uploads\/IMG-20230505-WA0005-1200x800_c.jpg\" alt=\"IMG-20230505-WA0005\" \/><\/li><li aria-hidden=\"true\" class=\"soliloquy-item soliloquy-item-9 soliloquy-image-slide\" draggable=\"false\" style=\"list-style:none\"><img decoding=\"async\" id=\"soliloquy-image-2264\" class=\"soliloquy-image soliloquy-image-9\" src=\"https:\/\/www.labernoise.ch\/keller\/wp-content\/uploads\/20210509_171040-scaled-1200x800_c.jpg\" alt=\"20210509_171040\" \/><\/li><li aria-hidden=\"true\" class=\"soliloquy-item soliloquy-item-10 soliloquy-image-slide\" draggable=\"false\" style=\"list-style:none\"><img decoding=\"async\" id=\"soliloquy-image-2262\" class=\"soliloquy-image soliloquy-image-10\" src=\"https:\/\/www.labernoise.ch\/keller\/wp-content\/uploads\/IMG-20241001-WA0002-scaled-1200x800_c.jpg\" alt=\"IMG-20241001-WA0002\" \/><\/li><li aria-hidden=\"true\" class=\"soliloquy-item soliloquy-item-11 soliloquy-image-slide\" draggable=\"false\" style=\"list-style:none\"><img decoding=\"async\" id=\"soliloquy-image-2263\" class=\"soliloquy-image soliloquy-image-11\" src=\"https:\/\/www.labernoise.ch\/keller\/wp-content\/uploads\/IMG-20241001-WA0018-scaled-1200x800_c.jpg\" alt=\"IMG-20241001-WA0018\" \/><\/li><li aria-hidden=\"true\" class=\"soliloquy-item soliloquy-item-12 soliloquy-image-slide\" draggable=\"false\" style=\"list-style:none\"><img decoding=\"async\" id=\"soliloquy-image-1779\" class=\"soliloquy-image soliloquy-image-12\" src=\"https:\/\/www.labernoise.ch\/keller\/wp-content\/uploads\/IMG-20180528-WA0012-1200x800_c.jpg\" alt=\"IMG-20180528-WA0012\" \/><\/li><li aria-hidden=\"true\" class=\"soliloquy-item soliloquy-item-13 soliloquy-image-slide\" draggable=\"false\" style=\"list-style:none\"><img decoding=\"async\" id=\"soliloquy-image-2265\" class=\"soliloquy-image soliloquy-image-13\" src=\"https:\/\/www.labernoise.ch\/keller\/wp-content\/uploads\/20220429_161622-scaled-1200x800_c.jpg\" alt=\"20220429_161622\" \/><\/li><li aria-hidden=\"true\" class=\"soliloquy-item soliloquy-item-14 soliloquy-image-slide\" draggable=\"false\" style=\"list-style:none\"><img decoding=\"async\" id=\"soliloquy-image-2267\" class=\"soliloquy-image soliloquy-image-14\" src=\"https:\/\/www.labernoise.ch\/keller\/wp-content\/uploads\/IMG-20211012-WA0002-1200x800_c.jpg\" alt=\"IMG-20211012-WA0002\" \/><\/li><li aria-hidden=\"true\" class=\"soliloquy-item soliloquy-item-15 soliloquy-image-slide\" draggable=\"false\" style=\"list-style:none\"><img decoding=\"async\" id=\"soliloquy-image-1781\" class=\"soliloquy-image soliloquy-image-15\" src=\"https:\/\/www.labernoise.ch\/keller\/wp-content\/uploads\/IMG-20181007-WA0009-1200x800_c.jpg\" alt=\"IMG-20181007-WA0009\" \/><\/li><li aria-hidden=\"true\" class=\"soliloquy-item soliloquy-item-16 soliloquy-image-slide\" draggable=\"false\" style=\"list-style:none\"><img decoding=\"async\" id=\"soliloquy-image-1775\" class=\"soliloquy-image soliloquy-image-16\" src=\"https:\/\/www.labernoise.ch\/keller\/wp-content\/uploads\/IMG-20181003-WA0002-1200x800_c.jpg\" alt=\"IMG-20181003-WA0002\" \/><\/li><li aria-hidden=\"true\" class=\"soliloquy-item soliloquy-item-17 soliloquy-image-slide\" draggable=\"false\" style=\"list-style:none\"><img decoding=\"async\" id=\"soliloquy-image-2258\" class=\"soliloquy-image soliloquy-image-17\" src=\"https:\/\/www.labernoise.ch\/keller\/wp-content\/uploads\/20240808_152847-scaled-1200x800_c.jpg\" alt=\"20240808_152847\" \/><\/li><\/ul><\/div><noscript><style type=\"text\/css\">#soliloquy-container-2256{opacity:1}<\/style><\/noscript><\/div>\n","protected":false},"excerpt":{"rendered":"<p>\u00c9quipement machines: Remorques 30 m3 Fliegl, doseur stationnaire,\u00a0 souffleur Dion, moteur stationnaire. Automotrice JD 7280, \u00e9clateur \u00e0 grains Kernelstar, coupe exacte, kemper 4.5 m.plante enti\u00e8re, 5 rangs \u00e9pis complet (CCM), pick-up herbe 3.0 m. R\u00e9colte aussi possible pour du semis \u00e0 50 cm interligne! (Plante enti\u00e8re et CCM).<\/p>\n","protected":false},"author":2,"featured_media":1873,"parent":16,"menu_order":43,"comment_status":"closed","ping_status":"open","template":"","meta":{"_genesis_hide_title":false,"_genesis_hide_breadcrumbs":false,"_genesis_hide_singular_image":false,"_genesis_hide_footer_widgets":false,"_genesis_custom_body_class":"","_genesis_custom_post_class":"","_genesis_layout":"","footnotes":""},"_links":{"self":[{"href":"https:\/\/www.labernoise.ch\/keller\/wp-json\/wp\/v2\/pages\/607"}],"collection":[{"href":"https:\/\/www.labernoise.ch\/keller\/wp-json\/wp\/v2\/pages"}],"about":[{"href":"https:\/\/www.labernoise.ch\/keller\/wp-json\/wp\/v2\/types\/page"}],"author":[{"embeddable":true,"href":"https:\/\/www.labernoise.ch\/keller\/wp-json\/wp\/v2\/users\/2"}],"replies":[{"embeddable":true,"href":"https:\/\/www.labernoise.ch\/keller\/wp-json\/wp\/v2\/comments?post=607"}],"version-history":[{"count":61,"href":"https:\/\/www.labernoise.ch\/keller\/wp-json\/wp\/v2\/pages\/607\/revisions"}],"predecessor-version":[{"id":2270,"href":"https:\/\/www.labernoise.ch\/keller\/wp-json\/wp\/v2\/pages\/607\/revisions\/2270"}],"up":[{"embeddable":true,"href":"https:\/\/www.labernoise.ch\/keller\/wp-json\/wp\/v2\/pages\/16"}],"wp:featuredmedia":[{"embeddable":true,"href":"https:\/\/www.labernoise.ch\/keller\/wp-json\/wp\/v2\/media\/1873"}],"wp:attachment":[{"href":"https:\/\/www.labernoise.ch\/keller\/wp-json\/wp\/v2\/media?parent=607"}],"curies":[{"name":"wp","href":"https:\/\/api.w.org\/{rel}","templated":true}]}}