{"id":86,"date":"2010-09-24T08:26:22","date_gmt":"2010-09-24T08:26:22","guid":{"rendered":"http:\/\/www.labernoise.ch\/keller\/?page_id=86"},"modified":"2019-01-03T11:38:46","modified_gmt":"2019-01-03T11:38:46","slug":"epandage-lisier","status":"publish","type":"page","link":"https:\/\/www.labernoise.ch\/keller\/travaux-pour-tiers\/epandage-lisier\/","title":{"rendered":"Epandage lisier"},"content":{"rendered":"<p><img loading=\"lazy\" decoding=\"async\" class=\"aligncenter wp-image-1755 size-large\" title=\"Epandage lisier\" src=\"https:\/\/www.labernoise.ch\/keller\/wp-content\/uploads\/20180321_132939-1024x576.jpg\" alt=\"\" width=\"1024\" height=\"576\" srcset=\"https:\/\/www.labernoise.ch\/keller\/wp-content\/uploads\/20180321_132939-1024x576.jpg 1024w, https:\/\/www.labernoise.ch\/keller\/wp-content\/uploads\/20180321_132939-300x169.jpg 300w, https:\/\/www.labernoise.ch\/keller\/wp-content\/uploads\/20180321_132939-768x432.jpg 768w\" sizes=\"(max-width: 1024px) 100vw, 1024px\" \/><\/p>\n<p><strong>Fini les pertes ammoniacales, valorisez vos engrais de ferme sur toutes vos cultures avec une rampe \u00e0 pendillard\u00a0de 9 \u00e0 12 m. !!<\/strong><\/p>\n<p>Equipement machines:<\/p>\n<ul>\n<li>Hadorn 11000 lt, rampe 12 m<\/li>\n<li>bras de pompage avec accesoires aspiration<\/li>\n<li>pneu basse pression, vanne suivant la largeur d&rsquo;\u00e9pandage<\/li>\n<li>compteur nombres de citernes<span style=\"font-size: small;\">\u00a0<\/span><\/li>\n<\/ul>\n<h3><span style=\"font-size: small;\"><img loading=\"lazy\" decoding=\"async\" class=\"alignleft size-medium wp-image-213\" title=\"Lisier c\u00e9r\u00e9ale\" src=\"http:\/\/www.labernoise.ch\/keller\/wp-content\/uploads\/Photo0031-300x225.jpg\" alt=\"\" width=\"300\" height=\"225\" srcset=\"https:\/\/www.labernoise.ch\/keller\/wp-content\/uploads\/Photo0031-300x225.jpg 300w, https:\/\/www.labernoise.ch\/keller\/wp-content\/uploads\/Photo0031-1024x768.jpg 1024w, https:\/\/www.labernoise.ch\/keller\/wp-content\/uploads\/Photo0031.jpg 2048w\" sizes=\"(max-width: 300px) 100vw, 300px\" \/><\/span>R\u00e9gularit\u00e9 d&rsquo;\u00e9pandages\u00a0sur toute la largeur !<\/h3>\n<p><img loading=\"lazy\" decoding=\"async\" class=\"alignnone size-medium wp-image-209\" title=\"Epandage lisier chaume ma\u00efs\" src=\"http:\/\/www.labernoise.ch\/keller\/wp-content\/uploads\/Epandage-lisier-2010-091-300x225.jpg\" alt=\"\" width=\"300\" height=\"225\" srcset=\"https:\/\/www.labernoise.ch\/keller\/wp-content\/uploads\/Epandage-lisier-2010-091-300x225.jpg 300w, https:\/\/www.labernoise.ch\/keller\/wp-content\/uploads\/Epandage-lisier-2010-091-1024x768.jpg 1024w\" sizes=\"(max-width: 300px) 100vw, 300px\" \/><br \/>\nEpandage sur chaume de ma\u00efs<br \/>\n<img loading=\"lazy\" decoding=\"async\" class=\"alignnone wp-image-210 size-medium\" title=\"Epandage lisier chaume ma\u00efs\" src=\"https:\/\/www.labernoise.ch\/keller\/wp-content\/uploads\/Epandage-lisier-2010-095-300x225.jpg\" alt=\"\" width=\"300\" height=\"225\" srcset=\"https:\/\/www.labernoise.ch\/keller\/wp-content\/uploads\/Epandage-lisier-2010-095-300x225.jpg 300w, https:\/\/www.labernoise.ch\/keller\/wp-content\/uploads\/Epandage-lisier-2010-095-1024x768.jpg 1024w\" sizes=\"(max-width: 300px) 100vw, 300px\" \/><\/p>\n","protected":false},"excerpt":{"rendered":"<p>Fini les pertes ammoniacales, valorisez vos engrais de ferme sur toutes vos cultures avec une rampe \u00e0 pendillard\u00a0de 9 \u00e0 12 m. !! Equipement machines: Hadorn 11000 lt, rampe 12 m bras de pompage avec accesoires aspiration pneu basse pression, vanne suivant la largeur d&rsquo;\u00e9pandage compteur nombres de citernes\u00a0 R\u00e9gularit\u00e9 d&rsquo;\u00e9pandages\u00a0sur toute la largeur ! [&hellip;]<\/p>\n","protected":false},"author":2,"featured_media":0,"parent":16,"menu_order":40,"comment_status":"closed","ping_status":"open","template":"","meta":{"_genesis_hide_title":false,"_genesis_hide_breadcrumbs":false,"_genesis_hide_singular_image":false,"_genesis_hide_footer_widgets":false,"_genesis_custom_body_class":"","_genesis_custom_post_class":"","_genesis_layout":"","footnotes":""},"_links":{"self":[{"href":"https:\/\/www.labernoise.ch\/keller\/wp-json\/wp\/v2\/pages\/86"}],"collection":[{"href":"https:\/\/www.labernoise.ch\/keller\/wp-json\/wp\/v2\/pages"}],"about":[{"href":"https:\/\/www.labernoise.ch\/keller\/wp-json\/wp\/v2\/types\/page"}],"author":[{"embeddable":true,"href":"https:\/\/www.labernoise.ch\/keller\/wp-json\/wp\/v2\/users\/2"}],"replies":[{"embeddable":true,"href":"https:\/\/www.labernoise.ch\/keller\/wp-json\/wp\/v2\/comments?post=86"}],"version-history":[{"count":78,"href":"https:\/\/www.labernoise.ch\/keller\/wp-json\/wp\/v2\/pages\/86\/revisions"}],"predecessor-version":[{"id":1794,"href":"https:\/\/www.labernoise.ch\/keller\/wp-json\/wp\/v2\/pages\/86\/revisions\/1794"}],"up":[{"embeddable":true,"href":"https:\/\/www.labernoise.ch\/keller\/wp-json\/wp\/v2\/pages\/16"}],"wp:attachment":[{"href":"https:\/\/www.labernoise.ch\/keller\/wp-json\/wp\/v2\/media?parent=86"}],"curies":[{"name":"wp","href":"https:\/\/api.w.org\/{rel}","templated":true}]}}